{"id":97709,"date":"2023-10-11T17:49:59","date_gmt":"2023-10-11T15:49:59","guid":{"rendered":"https:\/\/piastrellerinaldi.it\/?post_type=product&#038;p=97709"},"modified":"2026-03-16T17:03:22","modified_gmt":"2026-03-16T15:03:22","slug":"novellini-vogue-vasca-hydro-plus-con-telaio-e-1-pannello","status":"publish","type":"product","link":"https:\/\/piastrellerinaldi.it\/en\/shop\/bathroom-furniture\/vasche\/novellini-box-doccia-vasche-arredo-bagno-made-in-italy\/novellini-vogue-vasca-hydro-plus-con-telaio-e-1-pannello\/","title":{"rendered":"NOVELLINI Vogue vasca Hydro Plus con telaio e 1 pannello"},"content":{"rendered":"<section class=\"l-section wpb_row height_small width_full\"><div class=\"l-section-h i-cf\"><div class=\"g-cols vc_row via_flex valign_top type_default stacking_default\"><div class=\"vc_col-sm-12 wpb_column vc_column_container\"><div class=\"vc_column-inner\"><div class=\"wpb_wrapper\"><div class=\"w-tabs style_default switch_click accordion type_togglable has_scrolling\" style=\"--sections-title-size:inherit\"><div class=\"w-tabs-sections titles-align_none icon_triangle cpos_right\"><div class=\"w-tabs-section active\" id=\"acbc\" style=\"background:#cfc4bc;\"><button class=\"w-tabs-section-header active\" aria-controls=\"content-acbc\" aria-expanded=\"true\"><div class=\"w-tabs-section-title\"><b>Features<\/b><\/div><div class=\"w-tabs-section-control\"><\/div><\/button><div  class=\"w-tabs-section-content us_custom_057801f8\" id=\"content-acbc\"><div class=\"w-tabs-section-content-h i-cf\"><div class=\"wpb_text_column\"><div class=\"wpb_wrapper\"><p><span class=\"product\"><strong>Technical characteristics: <\/strong><\/span>Vasca angolare asimmetrica semicircolare bianco lucido con telaio, 1 pannello bianco lucido, Colonna di scarico senza rubinetteria cromata. Poggiatesta in materiale antibatterico in dotazione, Pannello di controllo con funzioni Hydro sequence, Disinfezione, Massaggio corpo Whirlpool (6 jets), Massaggio Airpool (12 jets) a getto d\u2019aria con accensione manuale on\/off\u00a0 per un efficace stimolazione cellulare<\/p>\n<p><strong>Dimensions:\u00a0<\/strong><\/p>\n<p>-L 150 x P 85 x H 55 cm, Capienza 140 lt<\/p>\n<p>-L 165 x P 85 x H 55 cm, Capienza 180 lt<\/p>\n<\/div><\/div><\/div><\/div><\/div><div class=\"w-tabs-section\" id=\"fdbc\" style=\"background:#cfc4bc;\"><button class=\"w-tabs-section-header\" aria-controls=\"content-fdbc\" aria-expanded=\"false\"><div class=\"w-tabs-section-title\"><b>Data Sheets<\/b><\/div><div class=\"w-tabs-section-control\"><\/div><\/button><div  class=\"w-tabs-section-content us_custom_057801f8\" id=\"content-fdbc\"><div class=\"w-tabs-section-content-h i-cf\"><div class=\"wpb_text_column\"><div class=\"wpb_wrapper\"><p><span style=\"color: #4c4c4c;\"><strong><a style=\"color: #4c4c4c;\" href=\"https:\/\/piastrellerinaldi.it\/wp-content\/uploads\/2023\/10\/Scheda-prodotto-NOVELLINI-Vogue-vasca-1-pannello.pdf\" target=\"_blank\" rel=\"noopener\">Scheda prodotto NOVELLINI Vogue vasca 1 pannello<\/a><\/strong><\/span><\/p>\n<\/div><\/div><\/div><\/div><\/div><div class=\"w-tabs-section\" id=\"leb2\" style=\"background:#cfc4bc;\"><button class=\"w-tabs-section-header\" aria-controls=\"content-leb2\" aria-expanded=\"false\"><div class=\"w-tabs-section-title\"><b>Product presentation<\/b><\/div><div class=\"w-tabs-section-control\"><\/div><\/button><div  class=\"w-tabs-section-content us_custom_057801f8\" id=\"content-leb2\"><div class=\"w-tabs-section-content-h i-cf\"><div class=\"wpb_text_column\"><div class=\"wpb_wrapper\"><p>Immagina un\u2019esperienza rigenerante a 360\u00b0, capace di risvegliare corpo e rivitalizzare lo spirito.<br \/>\nCon la vasca da bagno ti regali un momento di puro relax e dai forma al tuo spazio in cui colori, lusso e forme si fondono in un ambiente unico e dal carattere deciso.<\/p>\n<\/div><\/div><\/div><\/div><\/div><div class=\"w-tabs-section\" id=\"jfc9\" style=\"background:#cfc4bc;\"><button class=\"w-tabs-section-header\" aria-controls=\"content-jfc9\" aria-expanded=\"false\"><div class=\"w-tabs-section-title\"><b>Supplier company<\/b><\/div><div class=\"w-tabs-section-control\"><\/div><\/button><div  class=\"w-tabs-section-content us_custom_057801f8\" id=\"content-jfc9\"><div class=\"w-tabs-section-content-h i-cf\"><div class=\"wpb_text_column\"><div class=\"wpb_wrapper\"><div><strong>NOVELLINI<\/strong><\/div>\n<div>\n<div><\/div>\n<div>Il Gruppo Novellini \u00e8 leader in Europa nella produzione di box doccia, cabine e vasche idromassaggio, con stabilimenti in Italia e in Francia, filiali nei principali paesi europei e rappresentanze nei diversi continenti. Attualmente la produzione annua \u00e8 di 1.300.000 articoli, la superficie totale delle aree produttive supera i 200.000 mq e i collaboratori raggiungono complessivamente le 900 unit\u00e0. Ogni nostro prodotto \u00e8 progettato e realizzato per soddisfare le pi\u00f9 recenti normative europee in materia di qualit\u00e0, sicurezza e rispetto dell\u2019 ambiente. L\u2019adozione di processi produttivi a basso impatto ambientale, il controllo dell\u2019 immissione di sostanze tossiche e il considerevole risparmio energetico, sono le risposte alle problematiche di un mondo in costante evoluzione. Dalle materie prime al prodotto finito: la creazione del prodotto Novellini \u00e8 il risultato di un approfondito studio di design, di analisi e di pianificazione industriale. Integrazione, automazione e organizzazione sono i termini che contraddistinguono tutto il processo produttivo, che avviene interamente negli stabilimenti europei. Dalle materie prime utilizzate ai semilavorati, all\u2019 assemblaggio dei diversi componenti, ogni fase \u00e8 pianificata e testata per garantire risultati sempre ai massimi livelli degli standard richiesti dal mercato internazionale. I materiali utilizzati per l\u2019imballaggio sono completamente riciclabili e conformi alla direttiva 94\/62\/CE.<\/div>\n<\/div>\n<\/div><\/div><\/div><\/div><\/div><\/div><\/div><\/div><\/div><\/div><\/div><\/div><\/section>","protected":false},"excerpt":{"rendered":"CaratteristicheCaratteristiche tecniche: Vasca angolare asimmetrica semicircolare bianco lucido con telaio, 1 pannello bianco lucido, Colonna di scarico senza rubinetteria cromata. Poggiatesta in materiale antibatterico in dotazione, Pannello di controllo con funzioni Hydro sequence, Disinfezione, Massaggio corpo Whirlpool (6 jets), Massaggio Airpool (12 jets) a getto d\u2019aria con accensione manuale on\/off\u00a0 per un efficace stimolazione cellulare...","protected":false},"featured_media":97720,"template":"","meta":{"_acf_changed":false},"product_brand":[],"product_cat":[55,2310],"product_tag":[],"etichette":[],"colore_portfolio_e_prodotti":[893],"formato":[2344,2345],"fascia_prezzo":[981],"ynn-marchi":[3159],"ynn_slider_homepage":[],"prod-effetti":[],"ynn-tempi-consegne":[3511],"woo-feed-brand":[],"class_list":{"0":"post-97709","1":"product","2":"type-product","3":"status-publish","4":"has-post-thumbnail","6":"product_cat-arredo-bagno","7":"product_cat-vasche","8":"product_shipping_class-new-vasche","9":"colore_portfolio_e_prodotti-bianco","10":"formato-85x150","11":"formato-85x165","12":"fascia_prezzo-oltre-50000-e","13":"ynn-marchi-novellini-box-doccia-vasche-arredo-bagno-made-in-italy","14":"ynn-tempi-consegne-3511","16":"first","17":"instock","18":"taxable","19":"shipping-taxable","20":"purchasable","21":"product-type-variable"},"acf":[],"yoast_head":"<!-- This site is optimized with the Yoast SEO plugin v27.3 - https:\/\/yoast.com\/product\/yoast-seo-wordpress\/ -->\n<title>NOVELLINI Vogue vasca Hydro Plus con telaio e 1 pannello - Rinaldi significa CASA, sempre con la stessa passione da tre generazioni<\/title>\n<meta name=\"robots\" content=\"index, follow, max-snippet:-1, max-image-preview:large, max-video-preview:-1\" \/>\n<link rel=\"canonical\" href=\"https:\/\/piastrellerinaldi.it\/en\/shop\/bathroom-furniture\/vasche\/novellini-box-doccia-vasche-arredo-bagno-made-in-italy\/novellini-vogue-vasca-hydro-plus-con-telaio-e-1-pannello\/\" \/>\n<meta property=\"og:locale\" content=\"en_GB\" \/>\n<meta property=\"og:type\" content=\"article\" \/>\n<meta property=\"og:title\" content=\"NOVELLINI Vogue vasca Hydro Plus con telaio e 1 pannello - Rinaldi significa CASA, sempre con la stessa passione da tre generazioni\" \/>\n<meta property=\"og:url\" content=\"https:\/\/piastrellerinaldi.it\/en\/shop\/bathroom-furniture\/vasche\/novellini-box-doccia-vasche-arredo-bagno-made-in-italy\/novellini-vogue-vasca-hydro-plus-con-telaio-e-1-pannello\/\" \/>\n<meta property=\"og:site_name\" content=\"Rinaldi significa CASA, sempre con la stessa passione da tre generazioni\" \/>\n<meta property=\"article:publisher\" content=\"https:\/\/www.facebook.com\/piastrellerinaldi\/\" \/>\n<meta property=\"article:modified_time\" content=\"2026-03-16T15:03:22+00:00\" \/>\n<meta property=\"og:image\" content=\"https:\/\/piastrellerinaldi.it\/wp-content\/uploads\/2023\/10\/NOVELLINI-Vogue-vasca-Hydro-Plus-3.jpg\" \/>\n\t<meta property=\"og:image:width\" content=\"1080\" \/>\n\t<meta property=\"og:image:height\" content=\"1080\" \/>\n\t<meta property=\"og:image:type\" content=\"image\/jpeg\" \/>\n<meta name=\"twitter:card\" content=\"summary_large_image\" \/>\n<script type=\"application\/ld+json\" class=\"yoast-schema-graph\">{\"@context\":\"https:\\\/\\\/schema.org\",\"@graph\":[{\"@type\":\"WebPage\",\"@id\":\"https:\\\/\\\/piastrellerinaldi.it\\\/negozio\\\/arredo-bagno\\\/vasche\\\/novellini-box-doccia-vasche-arredo-bagno-made-in-italy\\\/novellini-vogue-vasca-hydro-plus-con-telaio-e-1-pannello\\\/\",\"url\":\"https:\\\/\\\/piastrellerinaldi.it\\\/negozio\\\/arredo-bagno\\\/vasche\\\/novellini-box-doccia-vasche-arredo-bagno-made-in-italy\\\/novellini-vogue-vasca-hydro-plus-con-telaio-e-1-pannello\\\/\",\"name\":\"NOVELLINI Vogue vasca Hydro Plus con telaio e 1 pannello - Rinaldi significa CASA, sempre con la stessa passione da tre generazioni\",\"isPartOf\":{\"@id\":\"https:\\\/\\\/piastrellerinaldi.it\\\/#website\"},\"primaryImageOfPage\":{\"@id\":\"https:\\\/\\\/piastrellerinaldi.it\\\/negozio\\\/arredo-bagno\\\/vasche\\\/novellini-box-doccia-vasche-arredo-bagno-made-in-italy\\\/novellini-vogue-vasca-hydro-plus-con-telaio-e-1-pannello\\\/#primaryimage\"},\"image\":{\"@id\":\"https:\\\/\\\/piastrellerinaldi.it\\\/negozio\\\/arredo-bagno\\\/vasche\\\/novellini-box-doccia-vasche-arredo-bagno-made-in-italy\\\/novellini-vogue-vasca-hydro-plus-con-telaio-e-1-pannello\\\/#primaryimage\"},\"thumbnailUrl\":\"https:\\\/\\\/piastrellerinaldi.it\\\/wp-content\\\/uploads\\\/2023\\\/10\\\/NOVELLINI-Vogue-vasca-Hydro-Plus-3.jpg\",\"datePublished\":\"2023-10-11T15:49:59+00:00\",\"dateModified\":\"2026-03-16T15:03:22+00:00\",\"breadcrumb\":{\"@id\":\"https:\\\/\\\/piastrellerinaldi.it\\\/negozio\\\/arredo-bagno\\\/vasche\\\/novellini-box-doccia-vasche-arredo-bagno-made-in-italy\\\/novellini-vogue-vasca-hydro-plus-con-telaio-e-1-pannello\\\/#breadcrumb\"},\"inLanguage\":\"en-GB\",\"potentialAction\":[{\"@type\":\"ReadAction\",\"target\":[\"https:\\\/\\\/piastrellerinaldi.it\\\/negozio\\\/arredo-bagno\\\/vasche\\\/novellini-box-doccia-vasche-arredo-bagno-made-in-italy\\\/novellini-vogue-vasca-hydro-plus-con-telaio-e-1-pannello\\\/\"]}]},{\"@type\":\"ImageObject\",\"inLanguage\":\"en-GB\",\"@id\":\"https:\\\/\\\/piastrellerinaldi.it\\\/negozio\\\/arredo-bagno\\\/vasche\\\/novellini-box-doccia-vasche-arredo-bagno-made-in-italy\\\/novellini-vogue-vasca-hydro-plus-con-telaio-e-1-pannello\\\/#primaryimage\",\"url\":\"https:\\\/\\\/piastrellerinaldi.it\\\/wp-content\\\/uploads\\\/2023\\\/10\\\/NOVELLINI-Vogue-vasca-Hydro-Plus-3.jpg\",\"contentUrl\":\"https:\\\/\\\/piastrellerinaldi.it\\\/wp-content\\\/uploads\\\/2023\\\/10\\\/NOVELLINI-Vogue-vasca-Hydro-Plus-3.jpg\",\"width\":1080,\"height\":1080},{\"@type\":\"BreadcrumbList\",\"@id\":\"https:\\\/\\\/piastrellerinaldi.it\\\/negozio\\\/arredo-bagno\\\/vasche\\\/novellini-box-doccia-vasche-arredo-bagno-made-in-italy\\\/novellini-vogue-vasca-hydro-plus-con-telaio-e-1-pannello\\\/#breadcrumb\",\"itemListElement\":[{\"@type\":\"ListItem\",\"position\":1,\"name\":\"HOME\",\"item\":\"https:\\\/\\\/piastrellerinaldi.it\\\/\"},{\"@type\":\"ListItem\",\"position\":2,\"name\":\"PRODOTTI ON-LINE\",\"item\":\"https:\\\/\\\/piastrellerinaldi.it\\\/negozio\\\/\"},{\"@type\":\"ListItem\",\"position\":3,\"name\":\"ARREDO BAGNO\",\"item\":\"https:\\\/\\\/piastrellerinaldi.it\\\/categoria-prodotto\\\/arredo-bagno\\\/\"},{\"@type\":\"ListItem\",\"position\":4,\"name\":\"NOVELLINI Vogue vasca Hydro Plus con telaio e 1 pannello\"}]},{\"@type\":\"WebSite\",\"@id\":\"https:\\\/\\\/piastrellerinaldi.it\\\/#website\",\"url\":\"https:\\\/\\\/piastrellerinaldi.it\\\/\",\"name\":\"Rinaldi significa CASA, sempre con la stessa passione da tre generazioni\",\"description\":\"Pavimenti e rivestimenti | Arredo bagno | Riscaldamento | Porte | Negozio online | Consegna gratuita in Italia | Consulenza | Progettazione\",\"publisher\":{\"@id\":\"https:\\\/\\\/piastrellerinaldi.it\\\/#organization\"},\"potentialAction\":[{\"@type\":\"SearchAction\",\"target\":{\"@type\":\"EntryPoint\",\"urlTemplate\":\"https:\\\/\\\/piastrellerinaldi.it\\\/?s={search_term_string}\"},\"query-input\":{\"@type\":\"PropertyValueSpecification\",\"valueRequired\":true,\"valueName\":\"search_term_string\"}}],\"inLanguage\":\"en-GB\"},{\"@type\":\"Organization\",\"@id\":\"https:\\\/\\\/piastrellerinaldi.it\\\/#organization\",\"name\":\"Rinaldi S.r.l.\",\"url\":\"https:\\\/\\\/piastrellerinaldi.it\\\/\",\"logo\":{\"@type\":\"ImageObject\",\"inLanguage\":\"en-GB\",\"@id\":\"https:\\\/\\\/piastrellerinaldi.it\\\/#\\\/schema\\\/logo\\\/image\\\/\",\"url\":\"https:\\\/\\\/piastrellerinaldi.it\\\/wp-content\\\/uploads\\\/2021\\\/01\\\/Rinaldi_Piastrelle-Logo-01.svg\",\"contentUrl\":\"https:\\\/\\\/piastrellerinaldi.it\\\/wp-content\\\/uploads\\\/2021\\\/01\\\/Rinaldi_Piastrelle-Logo-01.svg\",\"width\":1,\"height\":1,\"caption\":\"Rinaldi S.r.l.\"},\"image\":{\"@id\":\"https:\\\/\\\/piastrellerinaldi.it\\\/#\\\/schema\\\/logo\\\/image\\\/\"},\"sameAs\":[\"https:\\\/\\\/www.facebook.com\\\/piastrellerinaldi\\\/\",\"https:\\\/\\\/www.instagram.com\\\/piastrelle_rinaldi\\\/\"]}]}<\/script>\n<!-- \/ Yoast SEO plugin. -->","yoast_head_json":{"title":"NOVELLINI Vogue vasca Hydro Plus con telaio e 1 pannello - Rinaldi significa CASA, sempre con la stessa passione da tre generazioni","robots":{"index":"index","follow":"follow","max-snippet":"max-snippet:-1","max-image-preview":"max-image-preview:large","max-video-preview":"max-video-preview:-1"},"canonical":"https:\/\/piastrellerinaldi.it\/en\/shop\/bathroom-furniture\/vasche\/novellini-box-doccia-vasche-arredo-bagno-made-in-italy\/novellini-vogue-vasca-hydro-plus-con-telaio-e-1-pannello\/","og_locale":"en_GB","og_type":"article","og_title":"NOVELLINI Vogue vasca Hydro Plus con telaio e 1 pannello - Rinaldi significa CASA, sempre con la stessa passione da tre generazioni","og_url":"https:\/\/piastrellerinaldi.it\/en\/shop\/bathroom-furniture\/vasche\/novellini-box-doccia-vasche-arredo-bagno-made-in-italy\/novellini-vogue-vasca-hydro-plus-con-telaio-e-1-pannello\/","og_site_name":"Rinaldi significa CASA, sempre con la stessa passione da tre generazioni","article_publisher":"https:\/\/www.facebook.com\/piastrellerinaldi\/","article_modified_time":"2026-03-16T15:03:22+00:00","og_image":[{"width":1080,"height":1080,"url":"https:\/\/piastrellerinaldi.it\/wp-content\/uploads\/2023\/10\/NOVELLINI-Vogue-vasca-Hydro-Plus-3.jpg","type":"image\/jpeg"}],"twitter_card":"summary_large_image","schema":{"@context":"https:\/\/schema.org","@graph":[{"@type":"WebPage","@id":"https:\/\/piastrellerinaldi.it\/negozio\/arredo-bagno\/vasche\/novellini-box-doccia-vasche-arredo-bagno-made-in-italy\/novellini-vogue-vasca-hydro-plus-con-telaio-e-1-pannello\/","url":"https:\/\/piastrellerinaldi.it\/negozio\/arredo-bagno\/vasche\/novellini-box-doccia-vasche-arredo-bagno-made-in-italy\/novellini-vogue-vasca-hydro-plus-con-telaio-e-1-pannello\/","name":"NOVELLINI Vogue vasca Hydro Plus con telaio e 1 pannello - Rinaldi significa CASA, sempre con la stessa passione da tre generazioni","isPartOf":{"@id":"https:\/\/piastrellerinaldi.it\/#website"},"primaryImageOfPage":{"@id":"https:\/\/piastrellerinaldi.it\/negozio\/arredo-bagno\/vasche\/novellini-box-doccia-vasche-arredo-bagno-made-in-italy\/novellini-vogue-vasca-hydro-plus-con-telaio-e-1-pannello\/#primaryimage"},"image":{"@id":"https:\/\/piastrellerinaldi.it\/negozio\/arredo-bagno\/vasche\/novellini-box-doccia-vasche-arredo-bagno-made-in-italy\/novellini-vogue-vasca-hydro-plus-con-telaio-e-1-pannello\/#primaryimage"},"thumbnailUrl":"https:\/\/piastrellerinaldi.it\/wp-content\/uploads\/2023\/10\/NOVELLINI-Vogue-vasca-Hydro-Plus-3.jpg","datePublished":"2023-10-11T15:49:59+00:00","dateModified":"2026-03-16T15:03:22+00:00","breadcrumb":{"@id":"https:\/\/piastrellerinaldi.it\/negozio\/arredo-bagno\/vasche\/novellini-box-doccia-vasche-arredo-bagno-made-in-italy\/novellini-vogue-vasca-hydro-plus-con-telaio-e-1-pannello\/#breadcrumb"},"inLanguage":"en-GB","potentialAction":[{"@type":"ReadAction","target":["https:\/\/piastrellerinaldi.it\/negozio\/arredo-bagno\/vasche\/novellini-box-doccia-vasche-arredo-bagno-made-in-italy\/novellini-vogue-vasca-hydro-plus-con-telaio-e-1-pannello\/"]}]},{"@type":"ImageObject","inLanguage":"en-GB","@id":"https:\/\/piastrellerinaldi.it\/negozio\/arredo-bagno\/vasche\/novellini-box-doccia-vasche-arredo-bagno-made-in-italy\/novellini-vogue-vasca-hydro-plus-con-telaio-e-1-pannello\/#primaryimage","url":"https:\/\/piastrellerinaldi.it\/wp-content\/uploads\/2023\/10\/NOVELLINI-Vogue-vasca-Hydro-Plus-3.jpg","contentUrl":"https:\/\/piastrellerinaldi.it\/wp-content\/uploads\/2023\/10\/NOVELLINI-Vogue-vasca-Hydro-Plus-3.jpg","width":1080,"height":1080},{"@type":"BreadcrumbList","@id":"https:\/\/piastrellerinaldi.it\/negozio\/arredo-bagno\/vasche\/novellini-box-doccia-vasche-arredo-bagno-made-in-italy\/novellini-vogue-vasca-hydro-plus-con-telaio-e-1-pannello\/#breadcrumb","itemListElement":[{"@type":"ListItem","position":1,"name":"HOME","item":"https:\/\/piastrellerinaldi.it\/"},{"@type":"ListItem","position":2,"name":"PRODOTTI ON-LINE","item":"https:\/\/piastrellerinaldi.it\/negozio\/"},{"@type":"ListItem","position":3,"name":"ARREDO BAGNO","item":"https:\/\/piastrellerinaldi.it\/categoria-prodotto\/arredo-bagno\/"},{"@type":"ListItem","position":4,"name":"NOVELLINI Vogue vasca Hydro Plus con telaio e 1 pannello"}]},{"@type":"WebSite","@id":"https:\/\/piastrellerinaldi.it\/#website","url":"https:\/\/piastrellerinaldi.it\/","name":"Rinaldi means HOME, always with the same passion for three generations","description":"Flooring and wall tiles | Bathroom furniture | Heating | Doors | Online shop | Free delivery in Italy | Consultancy | Design","publisher":{"@id":"https:\/\/piastrellerinaldi.it\/#organization"},"potentialAction":[{"@type":"SearchAction","target":{"@type":"EntryPoint","urlTemplate":"https:\/\/piastrellerinaldi.it\/?s={search_term_string}"},"query-input":{"@type":"PropertyValueSpecification","valueRequired":true,"valueName":"search_term_string"}}],"inLanguage":"en-GB"},{"@type":"Organization","@id":"https:\/\/piastrellerinaldi.it\/#organization","name":"Rinaldi S.r.l.","url":"https:\/\/piastrellerinaldi.it\/","logo":{"@type":"ImageObject","inLanguage":"en-GB","@id":"https:\/\/piastrellerinaldi.it\/#\/schema\/logo\/image\/","url":"https:\/\/piastrellerinaldi.it\/wp-content\/uploads\/2021\/01\/Rinaldi_Piastrelle-Logo-01.svg","contentUrl":"https:\/\/piastrellerinaldi.it\/wp-content\/uploads\/2021\/01\/Rinaldi_Piastrelle-Logo-01.svg","width":1,"height":1,"caption":"Rinaldi S.r.l."},"image":{"@id":"https:\/\/piastrellerinaldi.it\/#\/schema\/logo\/image\/"},"sameAs":["https:\/\/www.facebook.com\/piastrellerinaldi\/","https:\/\/www.instagram.com\/piastrelle_rinaldi\/"]}]}},"_links":{"self":[{"href":"https:\/\/piastrellerinaldi.it\/en\/wp-json\/wp\/v2\/product\/97709","targetHints":{"allow":["GET"]}}],"collection":[{"href":"https:\/\/piastrellerinaldi.it\/en\/wp-json\/wp\/v2\/product"}],"about":[{"href":"https:\/\/piastrellerinaldi.it\/en\/wp-json\/wp\/v2\/types\/product"}],"wp:featuredmedia":[{"embeddable":true,"href":"https:\/\/piastrellerinaldi.it\/en\/wp-json\/wp\/v2\/media\/97720"}],"wp:attachment":[{"href":"https:\/\/piastrellerinaldi.it\/en\/wp-json\/wp\/v2\/media?parent=97709"}],"wp:term":[{"taxonomy":"product_brand","embeddable":true,"href":"https:\/\/piastrellerinaldi.it\/en\/wp-json\/wp\/v2\/product_brand?post=97709"},{"taxonomy":"product_cat","embeddable":true,"href":"https:\/\/piastrellerinaldi.it\/en\/wp-json\/wp\/v2\/product_cat?post=97709"},{"taxonomy":"product_tag","embeddable":true,"href":"https:\/\/piastrellerinaldi.it\/en\/wp-json\/wp\/v2\/product_tag?post=97709"},{"taxonomy":"etichette","embeddable":true,"href":"https:\/\/piastrellerinaldi.it\/en\/wp-json\/wp\/v2\/etichette?post=97709"},{"taxonomy":"colore_portfolio_e_prodotti","embeddable":true,"href":"https:\/\/piastrellerinaldi.it\/en\/wp-json\/wp\/v2\/colore_portfolio_e_prodotti?post=97709"},{"taxonomy":"formato","embeddable":true,"href":"https:\/\/piastrellerinaldi.it\/en\/wp-json\/wp\/v2\/formato?post=97709"},{"taxonomy":"fascia_prezzo","embeddable":true,"href":"https:\/\/piastrellerinaldi.it\/en\/wp-json\/wp\/v2\/fascia_prezzo?post=97709"},{"taxonomy":"ynn-marchi","embeddable":true,"href":"https:\/\/piastrellerinaldi.it\/en\/wp-json\/wp\/v2\/ynn-marchi?post=97709"},{"taxonomy":"ynn_slider_homepage","embeddable":true,"href":"https:\/\/piastrellerinaldi.it\/en\/wp-json\/wp\/v2\/ynn_slider_homepage?post=97709"},{"taxonomy":"prod-effetti","embeddable":true,"href":"https:\/\/piastrellerinaldi.it\/en\/wp-json\/wp\/v2\/prod-effetti?post=97709"},{"taxonomy":"ynn-tempi-consegne","embeddable":true,"href":"https:\/\/piastrellerinaldi.it\/en\/wp-json\/wp\/v2\/ynn-tempi-consegne?post=97709"},{"taxonomy":"woo-feed-brand","embeddable":true,"href":"https:\/\/piastrellerinaldi.it\/en\/wp-json\/wp\/v2\/woo-feed-brand?post=97709"}],"curies":[{"name":"wp","href":"https:\/\/api.w.org\/{rel}","templated":true}]}}