{"id":93084,"date":"2023-09-01T14:29:10","date_gmt":"2023-09-01T12:29:10","guid":{"rendered":"https:\/\/piastrellerinaldi.it\/?post_type=product&#038;p=93084"},"modified":"2026-03-18T15:22:24","modified_gmt":"2026-03-18T13:22:24","slug":"geberit-selnova-premium-sanitari-sospesi","status":"publish","type":"product","link":"https:\/\/piastrellerinaldi.it\/en\/shop\/bathroom-furniture\/sanitari-arredo-bagno\/sospesi\/geberit-soluzioni-bagno-sistemi-idrosanitari-innovativi\/geberit-selnova-premium-sanitari-sospesi\/","title":{"rendered":"GEBERIT Selnova Premium sanitari sospesi"},"content":{"rendered":"<section class=\"l-section wpb_row height_small width_full\"><div class=\"l-section-h i-cf\"><div class=\"g-cols vc_row via_flex valign_top type_default stacking_default\"><div class=\"vc_col-sm-12 wpb_column vc_column_container\"><div class=\"vc_column-inner\"><div class=\"wpb_wrapper\"><div class=\"w-tabs style_default switch_click accordion type_togglable has_scrolling\" style=\"--sections-title-size:inherit\"><div class=\"w-tabs-sections titles-align_none icon_triangle cpos_right\"><div class=\"w-tabs-section active\" id=\"p211\" style=\"background:#cfc4bc;\"><button class=\"w-tabs-section-header active\" aria-controls=\"content-p211\" aria-expanded=\"true\"><div class=\"w-tabs-section-title\"><b>Caratteristiche bidet<\/b><\/div><div class=\"w-tabs-section-control\"><\/div><\/button><div  class=\"w-tabs-section-content us_custom_057801f8\" id=\"content-p211\"><div class=\"w-tabs-section-content-h i-cf\"><div class=\"wpb_text_column\"><div class=\"wpb_wrapper\"><p><strong>Propriet\u00e0: <\/strong>Sospeso, Allacciamento idrico nascosto, Fissaggio nascosto<\/p>\n<p><strong>Misure:<\/strong><\/p>\n<ul>\n<li>Larghezza 360 mm<\/li>\n<li>Altezza 260 mm<\/li>\n<li>Profondit\u00e0 530 mm<\/li>\n<\/ul>\n<p><strong>Technical data:<\/strong> Materiale Vetrochina<\/p>\n<p><strong>Materiale in dotazione:<\/strong> Materiale di fissaggio<\/p>\n<\/div><\/div><\/div><\/div><\/div><div class=\"w-tabs-section active\" id=\"r368\" style=\"background:#cfc4bc;\"><button class=\"w-tabs-section-header active\" aria-controls=\"content-r368\" aria-expanded=\"true\"><div class=\"w-tabs-section-title\"><b>Caratteristiche vaso<\/b><\/div><div class=\"w-tabs-section-control\"><\/div><\/button><div  class=\"w-tabs-section-content us_custom_057801f8\" id=\"content-r368\"><div class=\"w-tabs-section-content-h i-cf\"><div class=\"wpb_text_column\"><div class=\"wpb_wrapper\"><p><strong>Propriet\u00e0<\/strong>: Sospeso, Vaso a cacciata, Rimfree, Fissaggio nascosto, Fissaggio semplice grazie al fissaggio a parete Geberit tipo EFF3 per vaso, Risciacquo con 4,5 l<\/p>\n<p><strong>Misure:<\/strong><\/p>\n<ul>\n<li>Larghezza 360 mm<\/li>\n<li>Profondit\u00e0 530 mm<\/li>\n<li>Altezza 380 mm<\/li>\n<\/ul>\n<p><strong>Technical data:<\/strong> Materiale Vetrochina<\/p>\n<p><strong>Destinazioni d&#8217;uso:<\/strong> Per cassette di risciacquo da incasso<\/p>\n<p><strong>Comprensivo di:<\/strong> Selnova sedile in Duroplast con coperchio avvolgente, con cerniere a sgancio rapido, chiusura ammortizzata<\/p>\n<\/div><\/div><\/div><\/div><\/div><div class=\"w-tabs-section\" id=\"a470\" style=\"background:#cfc4bc;\"><button class=\"w-tabs-section-header\" aria-controls=\"content-a470\" aria-expanded=\"false\"><div class=\"w-tabs-section-title\"><b>Data Sheets<\/b><\/div><div class=\"w-tabs-section-control\"><\/div><\/button><div  class=\"w-tabs-section-content us_custom_057801f8\" id=\"content-a470\"><div class=\"w-tabs-section-content-h i-cf\"><div class=\"wpb_text_column\"><div class=\"wpb_wrapper\"><p><span style=\"color: #4c4c4c;\"><strong><a style=\"color: #4c4c4c;\" href=\"https:\/\/piastrellerinaldi.it\/wp-content\/uploads\/2023\/09\/Scehda-tencica-GEBERIT-Selnova-Premiun-vaso-sospeso.pdf\" target=\"_blank\" rel=\"noopener\">Scehda tencica GEBERIT Selnova Premiun vaso sospeso<\/a><\/strong><\/span><\/p>\n<p><span style=\"color: #4c4c4c;\"><strong><a style=\"color: #4c4c4c;\" href=\"https:\/\/piastrellerinaldi.it\/wp-content\/uploads\/2023\/09\/Scehda-tencica-GEBERIT-Selnova-Premiun-bidet-sospeso.pdf\" target=\"_blank\" rel=\"noopener\">Scehda tencica GEBERIT Selnova Premiun bidet sospeso<\/a><\/strong><\/span><\/p>\n<\/div><\/div><\/div><\/div><\/div><div class=\"w-tabs-section\" id=\"r56a\" style=\"background:#cfc4bc;\"><button class=\"w-tabs-section-header\" aria-controls=\"content-r56a\" aria-expanded=\"false\"><div class=\"w-tabs-section-title\"><b>Product presentation<\/b><\/div><div class=\"w-tabs-section-control\"><\/div><\/button><div  class=\"w-tabs-section-content us_custom_057801f8\" id=\"content-r56a\"><div class=\"w-tabs-section-content-h i-cf\"><div class=\"wpb_text_column\"><div class=\"wpb_wrapper\"><p>Un prezioso tassello si aggiunge alla vasta serie Selnova. Si caratterizza per un design moderno e universale funzionale e dalle forme arrotondate. Proprio dalla rivisitazione di queste ultime nasce il nuovo vaso Selnova, una scelta premium, dalle forme piene e avvolgenti, completamente carenato, tanto da nascondere i fissaggi e le parti puramente funzionali. Vasi e bidet sono disponibili sia nella versione sospesa, che a pavimento filo parete. I vasi inoltre sono disponibili in set, gi\u00e0 completi di sedile in duroplast e cerniere in metallo. L\u2019installazione dei sanitari sospesi \u00e8 facile e veloce grazie al fissaggio nascosto EFF3, premontato.<br \/>\nI nuovi vasi Selnova sono rigorosamente dotati di tecnologia di risciacquo Rimfree\u00ae, che conferisce al vaso una maggior igiene, facilit\u00e0 di pulizia e un aspetto estetico ancor pi\u00f9 piacevole per l\u2019assenza di brida. Il risciacquo inoltre \u00e8 ottimizzato per il risparmio idrico, a 4,5 litri, in abbinamento con i moduli d\u2019installazione Geberit.<br \/>\nLa serie Selnova rappresenta dunque la soluzione ideale per i capitolati che vogliono offrire prodotti, esteticamente moderni ad un prezzo competitivo.<\/p>\n<\/div><\/div><\/div><\/div><\/div><div class=\"w-tabs-section\" id=\"e676\" style=\"background:#cfc4bc;\"><button class=\"w-tabs-section-header\" aria-controls=\"content-e676\" aria-expanded=\"false\"><div class=\"w-tabs-section-title\"><b>Supplier company<\/b><\/div><div class=\"w-tabs-section-control\"><\/div><\/button><div  class=\"w-tabs-section-content us_custom_057801f8\" id=\"content-e676\"><div class=\"w-tabs-section-content-h i-cf\"><div class=\"wpb_text_column\"><div class=\"wpb_wrapper\"><p><strong>Geberit<\/strong><\/p>\n<p>Il gruppo Geberit opera a livello globale ed \u00e8 leader europeo nel settore dei prodotti sanitari. Geberit vanta una forte presenza locale nella maggior parte dei paesi europei, fornendo un valore aggiunto unico quando si tratta di tecnologia sanitaria e arredo per il bagno.<\/p>\n<p>La rete Geberit comprende 26 impianti di produzione, di cui 4 situati fuori Europa. Il gruppo ha sede a Rapperswil-Jona, in Svizzera. Con circa 12.000 dipendenti in circa 50 paesi. Geberit nel 2022 ha generato un fatturato netto di CHF 3,4 miliardi. Le azioni di Geberit sono quotate alla SIX Swiss Exchange e sono incluse nel SMI (Swiss Market Index) dal 2012.<\/p>\n<p>Geberit assicura un elevato livello di produzione e standard di qualit\u00e0 eccezionali. Per lo sviluppo di nuovi prodotti, tecnologie e processi produttivi, il Gruppo ha un team di oltre 200 scienziati, ingegneri e specialisti presso la sua sede cos\u00ec come ampie infrastrutture tecniche e laboratori. La media, di lunga data, di 35 domande di brevetto all&#8217;anno dimostra la forza innovativa dell&#8217;azienda.<\/p>\n<\/div><\/div><\/div><\/div><\/div><\/div><\/div><\/div><\/div><\/div><\/div><\/div><\/section>","protected":false},"excerpt":{"rendered":"Caratteristiche bidetPropriet\u00e0: Sospeso, Allacciamento idrico nascosto, Fissaggio nascosto Misure: Larghezza 360 mm Altezza 260 mm Profondit\u00e0 530 mm Dati tecnici: Materiale Vetrochina Materiale in dotazione: Materiale di fissaggio Caratteristiche vasoPropriet\u00e0: Sospeso, Vaso a cacciata, Rimfree, Fissaggio nascosto, Fissaggio semplice grazie al fissaggio a parete Geberit tipo EFF3 per vaso, Risciacquo con 4,5 l Misure: Larghezza...","protected":false},"featured_media":93182,"template":"","meta":{"_acf_changed":false},"product_brand":[],"product_cat":[55,186,1775],"product_tag":[],"etichette":[832,256],"colore_portfolio_e_prodotti":[893],"formato":[],"fascia_prezzo":[980],"ynn-marchi":[3153],"ynn_slider_homepage":[],"prod-effetti":[],"ynn-tempi-consegne":[3514],"woo-feed-brand":[],"class_list":{"0":"post-93084","1":"product","2":"type-product","3":"status-publish","4":"has-post-thumbnail","6":"product_cat-arredo-bagno","7":"product_cat-sanitari-arredo-bagno","8":"product_cat-sospesi","9":"product_shipping_class-new-sanitari","10":"etichette-promo","11":"etichette-pronta-consegna","12":"colore_portfolio_e_prodotti-bianco","13":"fascia_prezzo-20000-e-49999-e","14":"ynn-marchi-geberit-soluzioni-bagno-sistemi-idrosanitari-innovativi","15":"ynn-tempi-consegne-3514","17":"first","18":"instock","19":"sale","20":"taxable","21":"shipping-taxable","22":"purchasable","23":"product-type-variable","24":"has-default-attributes"},"acf":[],"yoast_head":"<!-- This site is optimized with the Yoast SEO plugin v27.3 - https:\/\/yoast.com\/product\/yoast-seo-wordpress\/ -->\n<title>GEBERIT Selnova Premium sanitari sospesi - Rinaldi significa CASA, sempre con la stessa passione da tre generazioni<\/title>\n<meta name=\"robots\" content=\"index, follow, max-snippet:-1, max-image-preview:large, max-video-preview:-1\" \/>\n<link rel=\"canonical\" href=\"https:\/\/piastrellerinaldi.it\/en\/shop\/bathroom-furniture\/sanitari-arredo-bagno\/sospesi\/geberit-soluzioni-bagno-sistemi-idrosanitari-innovativi\/geberit-selnova-premium-sanitari-sospesi\/\" \/>\n<meta property=\"og:locale\" content=\"en_GB\" \/>\n<meta property=\"og:type\" content=\"article\" \/>\n<meta property=\"og:title\" content=\"GEBERIT Selnova Premium sanitari sospesi - Rinaldi significa CASA, sempre con la stessa passione da tre generazioni\" \/>\n<meta property=\"og:url\" content=\"https:\/\/piastrellerinaldi.it\/en\/shop\/bathroom-furniture\/sanitari-arredo-bagno\/sospesi\/geberit-soluzioni-bagno-sistemi-idrosanitari-innovativi\/geberit-selnova-premium-sanitari-sospesi\/\" \/>\n<meta property=\"og:site_name\" content=\"Rinaldi significa CASA, sempre con la stessa passione da tre generazioni\" \/>\n<meta property=\"article:publisher\" content=\"https:\/\/www.facebook.com\/piastrellerinaldi\/\" \/>\n<meta property=\"article:modified_time\" content=\"2026-03-18T13:22:24+00:00\" \/>\n<meta property=\"og:image\" content=\"https:\/\/piastrellerinaldi.it\/wp-content\/uploads\/2023\/09\/GEBERIT-Selnova-Premium-sospesi.jpg\" \/>\n\t<meta property=\"og:image:width\" content=\"1080\" \/>\n\t<meta property=\"og:image:height\" content=\"1080\" \/>\n\t<meta property=\"og:image:type\" content=\"image\/jpeg\" \/>\n<meta name=\"twitter:card\" content=\"summary_large_image\" \/>\n<script type=\"application\/ld+json\" class=\"yoast-schema-graph\">{\"@context\":\"https:\\\/\\\/schema.org\",\"@graph\":[{\"@type\":\"WebPage\",\"@id\":\"https:\\\/\\\/piastrellerinaldi.it\\\/negozio\\\/arredo-bagno\\\/sanitari-arredo-bagno\\\/sospesi\\\/geberit-soluzioni-bagno-sistemi-idrosanitari-innovativi\\\/geberit-selnova-premium-sanitari-sospesi\\\/\",\"url\":\"https:\\\/\\\/piastrellerinaldi.it\\\/negozio\\\/arredo-bagno\\\/sanitari-arredo-bagno\\\/sospesi\\\/geberit-soluzioni-bagno-sistemi-idrosanitari-innovativi\\\/geberit-selnova-premium-sanitari-sospesi\\\/\",\"name\":\"GEBERIT Selnova Premium sanitari sospesi - Rinaldi significa CASA, sempre con la stessa passione da tre generazioni\",\"isPartOf\":{\"@id\":\"https:\\\/\\\/piastrellerinaldi.it\\\/#website\"},\"primaryImageOfPage\":{\"@id\":\"https:\\\/\\\/piastrellerinaldi.it\\\/negozio\\\/arredo-bagno\\\/sanitari-arredo-bagno\\\/sospesi\\\/geberit-soluzioni-bagno-sistemi-idrosanitari-innovativi\\\/geberit-selnova-premium-sanitari-sospesi\\\/#primaryimage\"},\"image\":{\"@id\":\"https:\\\/\\\/piastrellerinaldi.it\\\/negozio\\\/arredo-bagno\\\/sanitari-arredo-bagno\\\/sospesi\\\/geberit-soluzioni-bagno-sistemi-idrosanitari-innovativi\\\/geberit-selnova-premium-sanitari-sospesi\\\/#primaryimage\"},\"thumbnailUrl\":\"https:\\\/\\\/piastrellerinaldi.it\\\/wp-content\\\/uploads\\\/2023\\\/09\\\/GEBERIT-Selnova-Premium-sospesi.jpg\",\"datePublished\":\"2023-09-01T12:29:10+00:00\",\"dateModified\":\"2026-03-18T13:22:24+00:00\",\"breadcrumb\":{\"@id\":\"https:\\\/\\\/piastrellerinaldi.it\\\/negozio\\\/arredo-bagno\\\/sanitari-arredo-bagno\\\/sospesi\\\/geberit-soluzioni-bagno-sistemi-idrosanitari-innovativi\\\/geberit-selnova-premium-sanitari-sospesi\\\/#breadcrumb\"},\"inLanguage\":\"en-GB\",\"potentialAction\":[{\"@type\":\"ReadAction\",\"target\":[\"https:\\\/\\\/piastrellerinaldi.it\\\/negozio\\\/arredo-bagno\\\/sanitari-arredo-bagno\\\/sospesi\\\/geberit-soluzioni-bagno-sistemi-idrosanitari-innovativi\\\/geberit-selnova-premium-sanitari-sospesi\\\/\"]}]},{\"@type\":\"ImageObject\",\"inLanguage\":\"en-GB\",\"@id\":\"https:\\\/\\\/piastrellerinaldi.it\\\/negozio\\\/arredo-bagno\\\/sanitari-arredo-bagno\\\/sospesi\\\/geberit-soluzioni-bagno-sistemi-idrosanitari-innovativi\\\/geberit-selnova-premium-sanitari-sospesi\\\/#primaryimage\",\"url\":\"https:\\\/\\\/piastrellerinaldi.it\\\/wp-content\\\/uploads\\\/2023\\\/09\\\/GEBERIT-Selnova-Premium-sospesi.jpg\",\"contentUrl\":\"https:\\\/\\\/piastrellerinaldi.it\\\/wp-content\\\/uploads\\\/2023\\\/09\\\/GEBERIT-Selnova-Premium-sospesi.jpg\",\"width\":1080,\"height\":1080},{\"@type\":\"BreadcrumbList\",\"@id\":\"https:\\\/\\\/piastrellerinaldi.it\\\/negozio\\\/arredo-bagno\\\/sanitari-arredo-bagno\\\/sospesi\\\/geberit-soluzioni-bagno-sistemi-idrosanitari-innovativi\\\/geberit-selnova-premium-sanitari-sospesi\\\/#breadcrumb\",\"itemListElement\":[{\"@type\":\"ListItem\",\"position\":1,\"name\":\"HOME\",\"item\":\"https:\\\/\\\/piastrellerinaldi.it\\\/\"},{\"@type\":\"ListItem\",\"position\":2,\"name\":\"PRODOTTI ON-LINE\",\"item\":\"https:\\\/\\\/piastrellerinaldi.it\\\/negozio\\\/\"},{\"@type\":\"ListItem\",\"position\":3,\"name\":\"ARREDO BAGNO\",\"item\":\"https:\\\/\\\/piastrellerinaldi.it\\\/categoria-prodotto\\\/arredo-bagno\\\/\"},{\"@type\":\"ListItem\",\"position\":4,\"name\":\"SANITARI\",\"item\":\"https:\\\/\\\/piastrellerinaldi.it\\\/categoria-prodotto\\\/arredo-bagno\\\/sanitari-arredo-bagno\\\/\"},{\"@type\":\"ListItem\",\"position\":5,\"name\":\"SOSPESI\",\"item\":\"https:\\\/\\\/piastrellerinaldi.it\\\/categoria-prodotto\\\/arredo-bagno\\\/sanitari-arredo-bagno\\\/sospesi\\\/\"},{\"@type\":\"ListItem\",\"position\":6,\"name\":\"GEBERIT Selnova Premium sanitari sospesi\"}]},{\"@type\":\"WebSite\",\"@id\":\"https:\\\/\\\/piastrellerinaldi.it\\\/#website\",\"url\":\"https:\\\/\\\/piastrellerinaldi.it\\\/\",\"name\":\"Rinaldi significa CASA, sempre con la stessa passione da tre generazioni\",\"description\":\"Pavimenti e rivestimenti | Arredo bagno | Riscaldamento | Porte | Negozio online | Consegna gratuita in Italia | Consulenza | Progettazione\",\"publisher\":{\"@id\":\"https:\\\/\\\/piastrellerinaldi.it\\\/#organization\"},\"potentialAction\":[{\"@type\":\"SearchAction\",\"target\":{\"@type\":\"EntryPoint\",\"urlTemplate\":\"https:\\\/\\\/piastrellerinaldi.it\\\/?s={search_term_string}\"},\"query-input\":{\"@type\":\"PropertyValueSpecification\",\"valueRequired\":true,\"valueName\":\"search_term_string\"}}],\"inLanguage\":\"en-GB\"},{\"@type\":\"Organization\",\"@id\":\"https:\\\/\\\/piastrellerinaldi.it\\\/#organization\",\"name\":\"Rinaldi S.r.l.\",\"url\":\"https:\\\/\\\/piastrellerinaldi.it\\\/\",\"logo\":{\"@type\":\"ImageObject\",\"inLanguage\":\"en-GB\",\"@id\":\"https:\\\/\\\/piastrellerinaldi.it\\\/#\\\/schema\\\/logo\\\/image\\\/\",\"url\":\"https:\\\/\\\/piastrellerinaldi.it\\\/wp-content\\\/uploads\\\/2021\\\/01\\\/Rinaldi_Piastrelle-Logo-01.svg\",\"contentUrl\":\"https:\\\/\\\/piastrellerinaldi.it\\\/wp-content\\\/uploads\\\/2021\\\/01\\\/Rinaldi_Piastrelle-Logo-01.svg\",\"width\":1,\"height\":1,\"caption\":\"Rinaldi S.r.l.\"},\"image\":{\"@id\":\"https:\\\/\\\/piastrellerinaldi.it\\\/#\\\/schema\\\/logo\\\/image\\\/\"},\"sameAs\":[\"https:\\\/\\\/www.facebook.com\\\/piastrellerinaldi\\\/\",\"https:\\\/\\\/www.instagram.com\\\/piastrelle_rinaldi\\\/\"]}]}<\/script>\n<!-- \/ Yoast SEO plugin. -->","yoast_head_json":{"title":"GEBERIT Selnova Premium sanitari sospesi - Rinaldi significa CASA, sempre con la stessa passione da tre generazioni","robots":{"index":"index","follow":"follow","max-snippet":"max-snippet:-1","max-image-preview":"max-image-preview:large","max-video-preview":"max-video-preview:-1"},"canonical":"https:\/\/piastrellerinaldi.it\/en\/shop\/bathroom-furniture\/sanitari-arredo-bagno\/sospesi\/geberit-soluzioni-bagno-sistemi-idrosanitari-innovativi\/geberit-selnova-premium-sanitari-sospesi\/","og_locale":"en_GB","og_type":"article","og_title":"GEBERIT Selnova Premium sanitari sospesi - Rinaldi significa CASA, sempre con la stessa passione da tre generazioni","og_url":"https:\/\/piastrellerinaldi.it\/en\/shop\/bathroom-furniture\/sanitari-arredo-bagno\/sospesi\/geberit-soluzioni-bagno-sistemi-idrosanitari-innovativi\/geberit-selnova-premium-sanitari-sospesi\/","og_site_name":"Rinaldi significa CASA, sempre con la stessa passione da tre generazioni","article_publisher":"https:\/\/www.facebook.com\/piastrellerinaldi\/","article_modified_time":"2026-03-18T13:22:24+00:00","og_image":[{"width":1080,"height":1080,"url":"https:\/\/piastrellerinaldi.it\/wp-content\/uploads\/2023\/09\/GEBERIT-Selnova-Premium-sospesi.jpg","type":"image\/jpeg"}],"twitter_card":"summary_large_image","schema":{"@context":"https:\/\/schema.org","@graph":[{"@type":"WebPage","@id":"https:\/\/piastrellerinaldi.it\/negozio\/arredo-bagno\/sanitari-arredo-bagno\/sospesi\/geberit-soluzioni-bagno-sistemi-idrosanitari-innovativi\/geberit-selnova-premium-sanitari-sospesi\/","url":"https:\/\/piastrellerinaldi.it\/negozio\/arredo-bagno\/sanitari-arredo-bagno\/sospesi\/geberit-soluzioni-bagno-sistemi-idrosanitari-innovativi\/geberit-selnova-premium-sanitari-sospesi\/","name":"GEBERIT Selnova Premium sanitari sospesi - Rinaldi significa CASA, sempre con la stessa passione da tre generazioni","isPartOf":{"@id":"https:\/\/piastrellerinaldi.it\/#website"},"primaryImageOfPage":{"@id":"https:\/\/piastrellerinaldi.it\/negozio\/arredo-bagno\/sanitari-arredo-bagno\/sospesi\/geberit-soluzioni-bagno-sistemi-idrosanitari-innovativi\/geberit-selnova-premium-sanitari-sospesi\/#primaryimage"},"image":{"@id":"https:\/\/piastrellerinaldi.it\/negozio\/arredo-bagno\/sanitari-arredo-bagno\/sospesi\/geberit-soluzioni-bagno-sistemi-idrosanitari-innovativi\/geberit-selnova-premium-sanitari-sospesi\/#primaryimage"},"thumbnailUrl":"https:\/\/piastrellerinaldi.it\/wp-content\/uploads\/2023\/09\/GEBERIT-Selnova-Premium-sospesi.jpg","datePublished":"2023-09-01T12:29:10+00:00","dateModified":"2026-03-18T13:22:24+00:00","breadcrumb":{"@id":"https:\/\/piastrellerinaldi.it\/negozio\/arredo-bagno\/sanitari-arredo-bagno\/sospesi\/geberit-soluzioni-bagno-sistemi-idrosanitari-innovativi\/geberit-selnova-premium-sanitari-sospesi\/#breadcrumb"},"inLanguage":"en-GB","potentialAction":[{"@type":"ReadAction","target":["https:\/\/piastrellerinaldi.it\/negozio\/arredo-bagno\/sanitari-arredo-bagno\/sospesi\/geberit-soluzioni-bagno-sistemi-idrosanitari-innovativi\/geberit-selnova-premium-sanitari-sospesi\/"]}]},{"@type":"ImageObject","inLanguage":"en-GB","@id":"https:\/\/piastrellerinaldi.it\/negozio\/arredo-bagno\/sanitari-arredo-bagno\/sospesi\/geberit-soluzioni-bagno-sistemi-idrosanitari-innovativi\/geberit-selnova-premium-sanitari-sospesi\/#primaryimage","url":"https:\/\/piastrellerinaldi.it\/wp-content\/uploads\/2023\/09\/GEBERIT-Selnova-Premium-sospesi.jpg","contentUrl":"https:\/\/piastrellerinaldi.it\/wp-content\/uploads\/2023\/09\/GEBERIT-Selnova-Premium-sospesi.jpg","width":1080,"height":1080},{"@type":"BreadcrumbList","@id":"https:\/\/piastrellerinaldi.it\/negozio\/arredo-bagno\/sanitari-arredo-bagno\/sospesi\/geberit-soluzioni-bagno-sistemi-idrosanitari-innovativi\/geberit-selnova-premium-sanitari-sospesi\/#breadcrumb","itemListElement":[{"@type":"ListItem","position":1,"name":"HOME","item":"https:\/\/piastrellerinaldi.it\/"},{"@type":"ListItem","position":2,"name":"PRODOTTI ON-LINE","item":"https:\/\/piastrellerinaldi.it\/negozio\/"},{"@type":"ListItem","position":3,"name":"ARREDO BAGNO","item":"https:\/\/piastrellerinaldi.it\/categoria-prodotto\/arredo-bagno\/"},{"@type":"ListItem","position":4,"name":"SANITARI","item":"https:\/\/piastrellerinaldi.it\/categoria-prodotto\/arredo-bagno\/sanitari-arredo-bagno\/"},{"@type":"ListItem","position":5,"name":"SOSPESI","item":"https:\/\/piastrellerinaldi.it\/categoria-prodotto\/arredo-bagno\/sanitari-arredo-bagno\/sospesi\/"},{"@type":"ListItem","position":6,"name":"GEBERIT Selnova Premium sanitari sospesi"}]},{"@type":"WebSite","@id":"https:\/\/piastrellerinaldi.it\/#website","url":"https:\/\/piastrellerinaldi.it\/","name":"Rinaldi means HOME, always with the same passion for three generations","description":"Flooring and wall tiles | Bathroom furniture | Heating | Doors | Online shop | Free delivery in Italy | Consultancy | Design","publisher":{"@id":"https:\/\/piastrellerinaldi.it\/#organization"},"potentialAction":[{"@type":"SearchAction","target":{"@type":"EntryPoint","urlTemplate":"https:\/\/piastrellerinaldi.it\/?s={search_term_string}"},"query-input":{"@type":"PropertyValueSpecification","valueRequired":true,"valueName":"search_term_string"}}],"inLanguage":"en-GB"},{"@type":"Organization","@id":"https:\/\/piastrellerinaldi.it\/#organization","name":"Rinaldi S.r.l.","url":"https:\/\/piastrellerinaldi.it\/","logo":{"@type":"ImageObject","inLanguage":"en-GB","@id":"https:\/\/piastrellerinaldi.it\/#\/schema\/logo\/image\/","url":"https:\/\/piastrellerinaldi.it\/wp-content\/uploads\/2021\/01\/Rinaldi_Piastrelle-Logo-01.svg","contentUrl":"https:\/\/piastrellerinaldi.it\/wp-content\/uploads\/2021\/01\/Rinaldi_Piastrelle-Logo-01.svg","width":1,"height":1,"caption":"Rinaldi S.r.l."},"image":{"@id":"https:\/\/piastrellerinaldi.it\/#\/schema\/logo\/image\/"},"sameAs":["https:\/\/www.facebook.com\/piastrellerinaldi\/","https:\/\/www.instagram.com\/piastrelle_rinaldi\/"]}]}},"_links":{"self":[{"href":"https:\/\/piastrellerinaldi.it\/en\/wp-json\/wp\/v2\/product\/93084","targetHints":{"allow":["GET"]}}],"collection":[{"href":"https:\/\/piastrellerinaldi.it\/en\/wp-json\/wp\/v2\/product"}],"about":[{"href":"https:\/\/piastrellerinaldi.it\/en\/wp-json\/wp\/v2\/types\/product"}],"wp:featuredmedia":[{"embeddable":true,"href":"https:\/\/piastrellerinaldi.it\/en\/wp-json\/wp\/v2\/media\/93182"}],"wp:attachment":[{"href":"https:\/\/piastrellerinaldi.it\/en\/wp-json\/wp\/v2\/media?parent=93084"}],"wp:term":[{"taxonomy":"product_brand","embeddable":true,"href":"https:\/\/piastrellerinaldi.it\/en\/wp-json\/wp\/v2\/product_brand?post=93084"},{"taxonomy":"product_cat","embeddable":true,"href":"https:\/\/piastrellerinaldi.it\/en\/wp-json\/wp\/v2\/product_cat?post=93084"},{"taxonomy":"product_tag","embeddable":true,"href":"https:\/\/piastrellerinaldi.it\/en\/wp-json\/wp\/v2\/product_tag?post=93084"},{"taxonomy":"etichette","embeddable":true,"href":"https:\/\/piastrellerinaldi.it\/en\/wp-json\/wp\/v2\/etichette?post=93084"},{"taxonomy":"colore_portfolio_e_prodotti","embeddable":true,"href":"https:\/\/piastrellerinaldi.it\/en\/wp-json\/wp\/v2\/colore_portfolio_e_prodotti?post=93084"},{"taxonomy":"formato","embeddable":true,"href":"https:\/\/piastrellerinaldi.it\/en\/wp-json\/wp\/v2\/formato?post=93084"},{"taxonomy":"fascia_prezzo","embeddable":true,"href":"https:\/\/piastrellerinaldi.it\/en\/wp-json\/wp\/v2\/fascia_prezzo?post=93084"},{"taxonomy":"ynn-marchi","embeddable":true,"href":"https:\/\/piastrellerinaldi.it\/en\/wp-json\/wp\/v2\/ynn-marchi?post=93084"},{"taxonomy":"ynn_slider_homepage","embeddable":true,"href":"https:\/\/piastrellerinaldi.it\/en\/wp-json\/wp\/v2\/ynn_slider_homepage?post=93084"},{"taxonomy":"prod-effetti","embeddable":true,"href":"https:\/\/piastrellerinaldi.it\/en\/wp-json\/wp\/v2\/prod-effetti?post=93084"},{"taxonomy":"ynn-tempi-consegne","embeddable":true,"href":"https:\/\/piastrellerinaldi.it\/en\/wp-json\/wp\/v2\/ynn-tempi-consegne?post=93084"},{"taxonomy":"woo-feed-brand","embeddable":true,"href":"https:\/\/piastrellerinaldi.it\/en\/wp-json\/wp\/v2\/woo-feed-brand?post=93084"}],"curies":[{"name":"wp","href":"https:\/\/api.w.org\/{rel}","templated":true}]}}