{"id":90531,"date":"2023-08-11T18:38:32","date_gmt":"2023-08-11T16:38:32","guid":{"rendered":"https:\/\/piastrellerinaldi.it\/?post_type=product&#038;p=90531"},"modified":"2026-03-16T17:03:15","modified_gmt":"2026-03-16T15:03:15","slug":"zehnder-yucca-asym-h-1736mm-bianco","status":"publish","type":"product","link":"https:\/\/piastrellerinaldi.it\/en\/shop\/heating\/termoarredi\/zehnder-radiatori-sistemi-ventilazione-comfort-casa\/zehnder-yucca-asym-h-1736mm-bianco\/","title":{"rendered":"ZEHNDER Yucca Asym h.1736mm. Bianco"},"content":{"rendered":"<section class=\"l-section wpb_row height_small width_full\"><div class=\"l-section-h i-cf\"><div class=\"g-cols vc_row via_flex valign_top type_default stacking_default\"><div class=\"vc_col-sm-12 wpb_column vc_column_container\"><div class=\"vc_column-inner\"><div class=\"wpb_wrapper\"><div class=\"w-tabs style_default switch_click accordion type_togglable has_scrolling\" style=\"--sections-title-size:inherit\"><div class=\"w-tabs-sections titles-align_none icon_triangle cpos_right\"><div class=\"w-tabs-section active\" id=\"q18b\" style=\"background:#cfc4bc;\"><button class=\"w-tabs-section-header active\" aria-controls=\"content-q18b\" aria-expanded=\"true\"><div class=\"w-tabs-section-title\"><b>Features<\/b><\/div><div class=\"w-tabs-section-control\"><\/div><\/button><div  class=\"w-tabs-section-content us_custom_057801f8\" id=\"content-q18b\"><div class=\"w-tabs-section-content-h i-cf\"><div class=\"wpb_text_column\"><div class=\"wpb_wrapper\"><p><strong>Technical characteristics:<\/strong><\/p>\n<div class=\"w-gallery fit_cover wp_gallery type_grid action_popup_image ratio_auto count_1\" style=\"--columns:1;--items-gap:0px;\"><div class=\"w-gallery-list\"><div class=\"w-gallery-item\"><div class=\"w-gallery-item-img\"><img decoding=\"async\" width=\"1314\" height=\"495\" data-src=\"https:\/\/piastrellerinaldi.it\/wp-content\/uploads\/2023\/08\/ZEHNDER-Yucca-Asym-h.1736mm.-Bianco-1.jpg\" class=\"attachment-full size-full lazyload\" alt=\"\" data-srcset=\"https:\/\/piastrellerinaldi.it\/wp-content\/uploads\/2023\/08\/ZEHNDER-Yucca-Asym-h.1736mm.-Bianco-1.jpg 1314w, https:\/\/piastrellerinaldi.it\/wp-content\/uploads\/2023\/08\/ZEHNDER-Yucca-Asym-h.1736mm.-Bianco-1-18x7.jpg 18w, https:\/\/piastrellerinaldi.it\/wp-content\/uploads\/2023\/08\/ZEHNDER-Yucca-Asym-h.1736mm.-Bianco-1-300x113.jpg 300w, https:\/\/piastrellerinaldi.it\/wp-content\/uploads\/2023\/08\/ZEHNDER-Yucca-Asym-h.1736mm.-Bianco-1-1024x386.jpg 1024w, https:\/\/piastrellerinaldi.it\/wp-content\/uploads\/2023\/08\/ZEHNDER-Yucca-Asym-h.1736mm.-Bianco-1-106x40.jpg 106w, https:\/\/piastrellerinaldi.it\/wp-content\/uploads\/2023\/08\/ZEHNDER-Yucca-Asym-h.1736mm.-Bianco-1-525x198.jpg 525w, https:\/\/piastrellerinaldi.it\/wp-content\/uploads\/2023\/08\/ZEHNDER-Yucca-Asym-h.1736mm.-Bianco-1-600x226.jpg 600w\" data-sizes=\"auto\" src=\"data:image\/svg+xml;base64,PHN2ZyB3aWR0aD0iMSIgaGVpZ2h0PSIxIiB4bWxucz0iaHR0cDovL3d3dy53My5vcmcvMjAwMC9zdmciPjwvc3ZnPg==\" style=\"--smush-placeholder-width: 1314px; --smush-placeholder-aspect-ratio: 1314\/495;\" data-original-sizes=\"(max-width: 1314px) 100vw, 1314px\" \/><\/div><a class=\"w-gallery-item-link\" aria-label=\"ZEHNDER Yucca Asym h.1736mm. Bianco\" href=\"https:\/\/piastrellerinaldi.it\/wp-content\/uploads\/2023\/08\/ZEHNDER-Yucca-Asym-h.1736mm.-Bianco-1.jpg\" title=\"ZEHNDER Yucca Asym h.1736mm. Bianco\"><\/a><\/div><\/div><\/div>\n<p><strong>Caratteristiche generali: <\/strong>Radiatore scaldasalviette in acciaio con elementi tondi da 20 mm e collettori da 30 mm\/\/Pressione max di esercizio: 12,0 bar\/\/Temperatura max di esercizio: 110\u00b0C\/\/Certificazione EN442\/EcoDesign, registrazione CE<\/p>\n<p><strong>Comfort:<\/strong> Uno scaldasalviette leggero che unisce grandi spazi per le salviette ma senza dimenticare il design unico<\/p>\n<p><strong>Accessori in dotazione:<\/strong> 4 mensole di sostegno fornite nella finitura del prodotto garantiscono la massima stabilit\u00e0 e sicurezza\/\/Il kit comprende anche una valvola di sfiato facilitata di Design, orientabile e cromata e un tappo nichelato (\u00f8 1\/2&#8243;)<\/p>\n<p><strong>Set valvole cromo incluso:\u00a0<\/strong>Valvola mono-bitubo 50 mm a squadra (volantino dx), diametro 1\/2 \u201c, volantino manuale, inserto termostatico M30x1,5 mm con pre-setting 1-7, inclusi 2 dadi 3\/4\u201d Eurocono \u00d8 16,8 mm nella finitura cromo<\/p>\n<p><strong><img decoding=\"async\" class=\"alignnone size-full wp-image-90424 lazyloaded\" src=\"https:\/\/piastrellerinaldi.it\/wp-content\/uploads\/2023\/08\/set-valvole.jpg\" sizes=\"(max-width: 153px) 100vw, 153px\" srcset=\"https:\/\/piastrellerinaldi.it\/wp-content\/uploads\/2023\/08\/set-valvole.jpg 153w, https:\/\/piastrellerinaldi.it\/wp-content\/uploads\/2023\/08\/set-valvole-50x40.jpg 50w\" alt=\"\" width=\"153\" height=\"123\" data-srcset=\"https:\/\/piastrellerinaldi.it\/wp-content\/uploads\/2023\/08\/set-valvole.jpg 153w, https:\/\/piastrellerinaldi.it\/wp-content\/uploads\/2023\/08\/set-valvole-50x40.jpg 50w\" data-src=\"https:\/\/piastrellerinaldi.it\/wp-content\/uploads\/2023\/08\/set-valvole.jpg\" data-sizes=\"(max-width: 153px) 100vw, 153px\" \/><\/strong><\/p>\n<p><strong>Vantaggi: <\/strong>Grazie alla profondit\u00e0 ridotta \u00e8 ideale per l&#8217;installazione in piccoli spazi\/\/La disposizione dei tubi, aperta sul lato, consente di appendere comodamente le salviette, infilandole lateralmente\/\/Svariate possibilit\u00e0 di impiego grazie a esecuzioni speciali, ad esempio come divisorio per ambienti\/\/Il design leggero e accurato conferisce un tocco estetico\/\/La spazzola in pelo d&#8217;agnello di Zehnder consente una pulizia agevole\/\/Sicurezza grazie alle estremit\u00e0 arrotondate\/\/Variet\u00e0 di modelli grazie alla possibilit\u00e0 di disporre i tubi collettori a sinistra o a destra<\/p>\n<\/div><\/div><\/div><\/div><\/div><div class=\"w-tabs-section\" id=\"i2af\" style=\"background:#cfc4bc;\"><button class=\"w-tabs-section-header\" aria-controls=\"content-i2af\" aria-expanded=\"false\"><div class=\"w-tabs-section-title\"><b>Product presentation<\/b><\/div><div class=\"w-tabs-section-control\"><\/div><\/button><div  class=\"w-tabs-section-content us_custom_057801f8\" id=\"content-i2af\"><div class=\"w-tabs-section-content-h i-cf\"><div class=\"wpb_text_column\"><div class=\"wpb_wrapper\"><p>Estetica di massima qualit\u00e0 di funzionamento. La possibilit\u00e0 di posizionare i collettori verticali a sinistra o a destra permettono a Zehnder Yucca Asym di alleggerire l&#8217;ambiente bagno. La sua forma aperta sul lato consente di appendere comodamente anche i teli pi\u00f9 grandi. Il radiatore di design \u00e8 indicato anche come divisorio per ambienti. Disponibile in pressoch\u00e9 tutti i colori e le superfici della cartella colori Zehnder.<\/p>\n<\/div><\/div><\/div><\/div><\/div><div class=\"w-tabs-section\" id=\"s3ab\" style=\"background:#cfc4bc;\"><button class=\"w-tabs-section-header\" aria-controls=\"content-s3ab\" aria-expanded=\"false\"><div class=\"w-tabs-section-title\"><b>Supplier company<\/b><\/div><div class=\"w-tabs-section-control\"><\/div><\/button><div  class=\"w-tabs-section-content us_custom_057801f8\" id=\"content-s3ab\"><div class=\"w-tabs-section-content-h i-cf\"><div class=\"wpb_text_column\"><div class=\"wpb_wrapper\"><p><strong>ZEHNDER<\/strong><\/p>\n<p>Zehnder \u2013 fa la storia. Dal 1895<\/p>\n<p>Il Gruppo Zehnder comprende aziende in tutto il mondo ed \u00e8 il leader sul mercato europeo per la costruzione di radiatori e la produzione di componenti per la ventilazione meccanica controllata.<\/p>\n<\/div><\/div><\/div><\/div><\/div><\/div><\/div><\/div><\/div><\/div><\/div><\/div><\/section>","protected":false},"excerpt":{"rendered":"CaratteristicheCaratteristiche tecniche: Caratteristiche generali: Radiatore scaldasalviette in acciaio con elementi tondi da 20 mm e collettori da 30 mm\/\/Pressione max di esercizio: 12,0 bar\/\/Temperatura max di esercizio: 110\u00b0C\/\/Certificazione EN442\/EcoDesign, registrazione CE Comfort: Uno scaldasalviette leggero che unisce grandi spazi per le salviette ma senza dimenticare il design unico Accessori in dotazione: 4 mensole di sostegno...","protected":false},"featured_media":90549,"template":"","meta":{"_acf_changed":false},"product_brand":[],"product_cat":[377,1791],"product_tag":[],"etichette":[],"colore_portfolio_e_prodotti":[893],"formato":[],"fascia_prezzo":[981],"ynn-marchi":[3170],"ynn_slider_homepage":[],"prod-effetti":[],"ynn-tempi-consegne":[3511],"woo-feed-brand":[],"class_list":{"0":"post-90531","1":"product","2":"type-product","3":"status-publish","4":"has-post-thumbnail","6":"product_cat-riscaldamento","7":"product_cat-termoarredi","8":"product_shipping_class-termoarredi","9":"colore_portfolio_e_prodotti-bianco","10":"fascia_prezzo-oltre-50000-e","11":"ynn-marchi-zehnder-radiatori-sistemi-ventilazione-comfort-casa","12":"ynn-tempi-consegne-3511","14":"first","15":"instock","16":"taxable","17":"shipping-taxable","18":"purchasable","19":"product-type-variable"},"acf":[],"yoast_head":"<!-- This site is optimized with the Yoast SEO plugin v27.3 - https:\/\/yoast.com\/product\/yoast-seo-wordpress\/ -->\n<title>ZEHNDER Yucca Asym h.1736mm. Bianco - Rinaldi significa CASA, sempre con la stessa passione da tre generazioni<\/title>\n<meta name=\"robots\" content=\"index, follow, max-snippet:-1, max-image-preview:large, max-video-preview:-1\" \/>\n<link rel=\"canonical\" href=\"https:\/\/piastrellerinaldi.it\/en\/shop\/heating\/termoarredi\/zehnder-radiatori-sistemi-ventilazione-comfort-casa\/zehnder-yucca-asym-h-1736mm-bianco\/\" \/>\n<meta property=\"og:locale\" content=\"en_GB\" \/>\n<meta property=\"og:type\" content=\"article\" \/>\n<meta property=\"og:title\" content=\"ZEHNDER Yucca Asym h.1736mm. Bianco - Rinaldi significa CASA, sempre con la stessa passione da tre generazioni\" \/>\n<meta property=\"og:url\" content=\"https:\/\/piastrellerinaldi.it\/en\/shop\/heating\/termoarredi\/zehnder-radiatori-sistemi-ventilazione-comfort-casa\/zehnder-yucca-asym-h-1736mm-bianco\/\" \/>\n<meta property=\"og:site_name\" content=\"Rinaldi significa CASA, sempre con la stessa passione da tre generazioni\" \/>\n<meta property=\"article:publisher\" content=\"https:\/\/www.facebook.com\/piastrellerinaldi\/\" \/>\n<meta property=\"article:modified_time\" content=\"2026-03-16T15:03:15+00:00\" \/>\n<meta property=\"og:image\" content=\"https:\/\/piastrellerinaldi.it\/wp-content\/uploads\/2023\/08\/ZEHNDER-Yucca-Asym-h.1736mm.-Bianco-2.jpg\" \/>\n\t<meta property=\"og:image:width\" content=\"1080\" \/>\n\t<meta property=\"og:image:height\" content=\"1080\" \/>\n\t<meta property=\"og:image:type\" content=\"image\/jpeg\" \/>\n<meta name=\"twitter:card\" content=\"summary_large_image\" \/>\n<script type=\"application\/ld+json\" class=\"yoast-schema-graph\">{\"@context\":\"https:\\\/\\\/schema.org\",\"@graph\":[{\"@type\":\"WebPage\",\"@id\":\"https:\\\/\\\/piastrellerinaldi.it\\\/negozio\\\/riscaldamento\\\/termoarredi\\\/zehnder-radiatori-sistemi-ventilazione-comfort-casa\\\/zehnder-yucca-asym-h-1736mm-bianco\\\/\",\"url\":\"https:\\\/\\\/piastrellerinaldi.it\\\/negozio\\\/riscaldamento\\\/termoarredi\\\/zehnder-radiatori-sistemi-ventilazione-comfort-casa\\\/zehnder-yucca-asym-h-1736mm-bianco\\\/\",\"name\":\"ZEHNDER Yucca Asym h.1736mm. Bianco - Rinaldi significa CASA, sempre con la stessa passione da tre generazioni\",\"isPartOf\":{\"@id\":\"https:\\\/\\\/piastrellerinaldi.it\\\/#website\"},\"primaryImageOfPage\":{\"@id\":\"https:\\\/\\\/piastrellerinaldi.it\\\/negozio\\\/riscaldamento\\\/termoarredi\\\/zehnder-radiatori-sistemi-ventilazione-comfort-casa\\\/zehnder-yucca-asym-h-1736mm-bianco\\\/#primaryimage\"},\"image\":{\"@id\":\"https:\\\/\\\/piastrellerinaldi.it\\\/negozio\\\/riscaldamento\\\/termoarredi\\\/zehnder-radiatori-sistemi-ventilazione-comfort-casa\\\/zehnder-yucca-asym-h-1736mm-bianco\\\/#primaryimage\"},\"thumbnailUrl\":\"https:\\\/\\\/piastrellerinaldi.it\\\/wp-content\\\/uploads\\\/2023\\\/08\\\/ZEHNDER-Yucca-Asym-h.1736mm.-Bianco-2.jpg\",\"datePublished\":\"2023-08-11T16:38:32+00:00\",\"dateModified\":\"2026-03-16T15:03:15+00:00\",\"breadcrumb\":{\"@id\":\"https:\\\/\\\/piastrellerinaldi.it\\\/negozio\\\/riscaldamento\\\/termoarredi\\\/zehnder-radiatori-sistemi-ventilazione-comfort-casa\\\/zehnder-yucca-asym-h-1736mm-bianco\\\/#breadcrumb\"},\"inLanguage\":\"en-GB\",\"potentialAction\":[{\"@type\":\"ReadAction\",\"target\":[\"https:\\\/\\\/piastrellerinaldi.it\\\/negozio\\\/riscaldamento\\\/termoarredi\\\/zehnder-radiatori-sistemi-ventilazione-comfort-casa\\\/zehnder-yucca-asym-h-1736mm-bianco\\\/\"]}]},{\"@type\":\"ImageObject\",\"inLanguage\":\"en-GB\",\"@id\":\"https:\\\/\\\/piastrellerinaldi.it\\\/negozio\\\/riscaldamento\\\/termoarredi\\\/zehnder-radiatori-sistemi-ventilazione-comfort-casa\\\/zehnder-yucca-asym-h-1736mm-bianco\\\/#primaryimage\",\"url\":\"https:\\\/\\\/piastrellerinaldi.it\\\/wp-content\\\/uploads\\\/2023\\\/08\\\/ZEHNDER-Yucca-Asym-h.1736mm.-Bianco-2.jpg\",\"contentUrl\":\"https:\\\/\\\/piastrellerinaldi.it\\\/wp-content\\\/uploads\\\/2023\\\/08\\\/ZEHNDER-Yucca-Asym-h.1736mm.-Bianco-2.jpg\",\"width\":1080,\"height\":1080},{\"@type\":\"BreadcrumbList\",\"@id\":\"https:\\\/\\\/piastrellerinaldi.it\\\/negozio\\\/riscaldamento\\\/termoarredi\\\/zehnder-radiatori-sistemi-ventilazione-comfort-casa\\\/zehnder-yucca-asym-h-1736mm-bianco\\\/#breadcrumb\",\"itemListElement\":[{\"@type\":\"ListItem\",\"position\":1,\"name\":\"HOME\",\"item\":\"https:\\\/\\\/piastrellerinaldi.it\\\/\"},{\"@type\":\"ListItem\",\"position\":2,\"name\":\"PRODOTTI ON-LINE\",\"item\":\"https:\\\/\\\/piastrellerinaldi.it\\\/negozio\\\/\"},{\"@type\":\"ListItem\",\"position\":3,\"name\":\"RISCALDAMENTO\",\"item\":\"https:\\\/\\\/piastrellerinaldi.it\\\/categoria-prodotto\\\/riscaldamento\\\/\"},{\"@type\":\"ListItem\",\"position\":4,\"name\":\"TERMOARREDI\",\"item\":\"https:\\\/\\\/piastrellerinaldi.it\\\/categoria-prodotto\\\/riscaldamento\\\/termoarredi\\\/\"},{\"@type\":\"ListItem\",\"position\":5,\"name\":\"ZEHNDER Yucca Asym h.1736mm. Bianco\"}]},{\"@type\":\"WebSite\",\"@id\":\"https:\\\/\\\/piastrellerinaldi.it\\\/#website\",\"url\":\"https:\\\/\\\/piastrellerinaldi.it\\\/\",\"name\":\"Rinaldi significa CASA, sempre con la stessa passione da tre generazioni\",\"description\":\"Pavimenti e rivestimenti | Arredo bagno | Riscaldamento | Porte | Negozio online | Consegna gratuita in Italia | Consulenza | Progettazione\",\"publisher\":{\"@id\":\"https:\\\/\\\/piastrellerinaldi.it\\\/#organization\"},\"potentialAction\":[{\"@type\":\"SearchAction\",\"target\":{\"@type\":\"EntryPoint\",\"urlTemplate\":\"https:\\\/\\\/piastrellerinaldi.it\\\/?s={search_term_string}\"},\"query-input\":{\"@type\":\"PropertyValueSpecification\",\"valueRequired\":true,\"valueName\":\"search_term_string\"}}],\"inLanguage\":\"en-GB\"},{\"@type\":\"Organization\",\"@id\":\"https:\\\/\\\/piastrellerinaldi.it\\\/#organization\",\"name\":\"Rinaldi S.r.l.\",\"url\":\"https:\\\/\\\/piastrellerinaldi.it\\\/\",\"logo\":{\"@type\":\"ImageObject\",\"inLanguage\":\"en-GB\",\"@id\":\"https:\\\/\\\/piastrellerinaldi.it\\\/#\\\/schema\\\/logo\\\/image\\\/\",\"url\":\"https:\\\/\\\/piastrellerinaldi.it\\\/wp-content\\\/uploads\\\/2021\\\/01\\\/Rinaldi_Piastrelle-Logo-01.svg\",\"contentUrl\":\"https:\\\/\\\/piastrellerinaldi.it\\\/wp-content\\\/uploads\\\/2021\\\/01\\\/Rinaldi_Piastrelle-Logo-01.svg\",\"width\":1,\"height\":1,\"caption\":\"Rinaldi S.r.l.\"},\"image\":{\"@id\":\"https:\\\/\\\/piastrellerinaldi.it\\\/#\\\/schema\\\/logo\\\/image\\\/\"},\"sameAs\":[\"https:\\\/\\\/www.facebook.com\\\/piastrellerinaldi\\\/\",\"https:\\\/\\\/www.instagram.com\\\/piastrelle_rinaldi\\\/\"]}]}<\/script>\n<!-- \/ Yoast SEO plugin. -->","yoast_head_json":{"title":"ZEHNDER Yucca Asym h.1736mm. Bianco - Rinaldi significa CASA, sempre con la stessa passione da tre generazioni","robots":{"index":"index","follow":"follow","max-snippet":"max-snippet:-1","max-image-preview":"max-image-preview:large","max-video-preview":"max-video-preview:-1"},"canonical":"https:\/\/piastrellerinaldi.it\/en\/shop\/heating\/termoarredi\/zehnder-radiatori-sistemi-ventilazione-comfort-casa\/zehnder-yucca-asym-h-1736mm-bianco\/","og_locale":"en_GB","og_type":"article","og_title":"ZEHNDER Yucca Asym h.1736mm. Bianco - Rinaldi significa CASA, sempre con la stessa passione da tre generazioni","og_url":"https:\/\/piastrellerinaldi.it\/en\/shop\/heating\/termoarredi\/zehnder-radiatori-sistemi-ventilazione-comfort-casa\/zehnder-yucca-asym-h-1736mm-bianco\/","og_site_name":"Rinaldi significa CASA, sempre con la stessa passione da tre generazioni","article_publisher":"https:\/\/www.facebook.com\/piastrellerinaldi\/","article_modified_time":"2026-03-16T15:03:15+00:00","og_image":[{"width":1080,"height":1080,"url":"https:\/\/piastrellerinaldi.it\/wp-content\/uploads\/2023\/08\/ZEHNDER-Yucca-Asym-h.1736mm.-Bianco-2.jpg","type":"image\/jpeg"}],"twitter_card":"summary_large_image","schema":{"@context":"https:\/\/schema.org","@graph":[{"@type":"WebPage","@id":"https:\/\/piastrellerinaldi.it\/negozio\/riscaldamento\/termoarredi\/zehnder-radiatori-sistemi-ventilazione-comfort-casa\/zehnder-yucca-asym-h-1736mm-bianco\/","url":"https:\/\/piastrellerinaldi.it\/negozio\/riscaldamento\/termoarredi\/zehnder-radiatori-sistemi-ventilazione-comfort-casa\/zehnder-yucca-asym-h-1736mm-bianco\/","name":"ZEHNDER Yucca Asym h.1736mm. Bianco - Rinaldi significa CASA, sempre con la stessa passione da tre generazioni","isPartOf":{"@id":"https:\/\/piastrellerinaldi.it\/#website"},"primaryImageOfPage":{"@id":"https:\/\/piastrellerinaldi.it\/negozio\/riscaldamento\/termoarredi\/zehnder-radiatori-sistemi-ventilazione-comfort-casa\/zehnder-yucca-asym-h-1736mm-bianco\/#primaryimage"},"image":{"@id":"https:\/\/piastrellerinaldi.it\/negozio\/riscaldamento\/termoarredi\/zehnder-radiatori-sistemi-ventilazione-comfort-casa\/zehnder-yucca-asym-h-1736mm-bianco\/#primaryimage"},"thumbnailUrl":"https:\/\/piastrellerinaldi.it\/wp-content\/uploads\/2023\/08\/ZEHNDER-Yucca-Asym-h.1736mm.-Bianco-2.jpg","datePublished":"2023-08-11T16:38:32+00:00","dateModified":"2026-03-16T15:03:15+00:00","breadcrumb":{"@id":"https:\/\/piastrellerinaldi.it\/negozio\/riscaldamento\/termoarredi\/zehnder-radiatori-sistemi-ventilazione-comfort-casa\/zehnder-yucca-asym-h-1736mm-bianco\/#breadcrumb"},"inLanguage":"en-GB","potentialAction":[{"@type":"ReadAction","target":["https:\/\/piastrellerinaldi.it\/negozio\/riscaldamento\/termoarredi\/zehnder-radiatori-sistemi-ventilazione-comfort-casa\/zehnder-yucca-asym-h-1736mm-bianco\/"]}]},{"@type":"ImageObject","inLanguage":"en-GB","@id":"https:\/\/piastrellerinaldi.it\/negozio\/riscaldamento\/termoarredi\/zehnder-radiatori-sistemi-ventilazione-comfort-casa\/zehnder-yucca-asym-h-1736mm-bianco\/#primaryimage","url":"https:\/\/piastrellerinaldi.it\/wp-content\/uploads\/2023\/08\/ZEHNDER-Yucca-Asym-h.1736mm.-Bianco-2.jpg","contentUrl":"https:\/\/piastrellerinaldi.it\/wp-content\/uploads\/2023\/08\/ZEHNDER-Yucca-Asym-h.1736mm.-Bianco-2.jpg","width":1080,"height":1080},{"@type":"BreadcrumbList","@id":"https:\/\/piastrellerinaldi.it\/negozio\/riscaldamento\/termoarredi\/zehnder-radiatori-sistemi-ventilazione-comfort-casa\/zehnder-yucca-asym-h-1736mm-bianco\/#breadcrumb","itemListElement":[{"@type":"ListItem","position":1,"name":"HOME","item":"https:\/\/piastrellerinaldi.it\/"},{"@type":"ListItem","position":2,"name":"PRODOTTI ON-LINE","item":"https:\/\/piastrellerinaldi.it\/negozio\/"},{"@type":"ListItem","position":3,"name":"RISCALDAMENTO","item":"https:\/\/piastrellerinaldi.it\/categoria-prodotto\/riscaldamento\/"},{"@type":"ListItem","position":4,"name":"TERMOARREDI","item":"https:\/\/piastrellerinaldi.it\/categoria-prodotto\/riscaldamento\/termoarredi\/"},{"@type":"ListItem","position":5,"name":"ZEHNDER Yucca Asym h.1736mm. Bianco"}]},{"@type":"WebSite","@id":"https:\/\/piastrellerinaldi.it\/#website","url":"https:\/\/piastrellerinaldi.it\/","name":"Rinaldi means HOME, always with the same passion for three generations","description":"Flooring and wall tiles | Bathroom furniture | Heating | Doors | Online shop | Free delivery in Italy | Consultancy | Design","publisher":{"@id":"https:\/\/piastrellerinaldi.it\/#organization"},"potentialAction":[{"@type":"SearchAction","target":{"@type":"EntryPoint","urlTemplate":"https:\/\/piastrellerinaldi.it\/?s={search_term_string}"},"query-input":{"@type":"PropertyValueSpecification","valueRequired":true,"valueName":"search_term_string"}}],"inLanguage":"en-GB"},{"@type":"Organization","@id":"https:\/\/piastrellerinaldi.it\/#organization","name":"Rinaldi S.r.l.","url":"https:\/\/piastrellerinaldi.it\/","logo":{"@type":"ImageObject","inLanguage":"en-GB","@id":"https:\/\/piastrellerinaldi.it\/#\/schema\/logo\/image\/","url":"https:\/\/piastrellerinaldi.it\/wp-content\/uploads\/2021\/01\/Rinaldi_Piastrelle-Logo-01.svg","contentUrl":"https:\/\/piastrellerinaldi.it\/wp-content\/uploads\/2021\/01\/Rinaldi_Piastrelle-Logo-01.svg","width":1,"height":1,"caption":"Rinaldi S.r.l."},"image":{"@id":"https:\/\/piastrellerinaldi.it\/#\/schema\/logo\/image\/"},"sameAs":["https:\/\/www.facebook.com\/piastrellerinaldi\/","https:\/\/www.instagram.com\/piastrelle_rinaldi\/"]}]}},"_links":{"self":[{"href":"https:\/\/piastrellerinaldi.it\/en\/wp-json\/wp\/v2\/product\/90531","targetHints":{"allow":["GET"]}}],"collection":[{"href":"https:\/\/piastrellerinaldi.it\/en\/wp-json\/wp\/v2\/product"}],"about":[{"href":"https:\/\/piastrellerinaldi.it\/en\/wp-json\/wp\/v2\/types\/product"}],"wp:featuredmedia":[{"embeddable":true,"href":"https:\/\/piastrellerinaldi.it\/en\/wp-json\/wp\/v2\/media\/90549"}],"wp:attachment":[{"href":"https:\/\/piastrellerinaldi.it\/en\/wp-json\/wp\/v2\/media?parent=90531"}],"wp:term":[{"taxonomy":"product_brand","embeddable":true,"href":"https:\/\/piastrellerinaldi.it\/en\/wp-json\/wp\/v2\/product_brand?post=90531"},{"taxonomy":"product_cat","embeddable":true,"href":"https:\/\/piastrellerinaldi.it\/en\/wp-json\/wp\/v2\/product_cat?post=90531"},{"taxonomy":"product_tag","embeddable":true,"href":"https:\/\/piastrellerinaldi.it\/en\/wp-json\/wp\/v2\/product_tag?post=90531"},{"taxonomy":"etichette","embeddable":true,"href":"https:\/\/piastrellerinaldi.it\/en\/wp-json\/wp\/v2\/etichette?post=90531"},{"taxonomy":"colore_portfolio_e_prodotti","embeddable":true,"href":"https:\/\/piastrellerinaldi.it\/en\/wp-json\/wp\/v2\/colore_portfolio_e_prodotti?post=90531"},{"taxonomy":"formato","embeddable":true,"href":"https:\/\/piastrellerinaldi.it\/en\/wp-json\/wp\/v2\/formato?post=90531"},{"taxonomy":"fascia_prezzo","embeddable":true,"href":"https:\/\/piastrellerinaldi.it\/en\/wp-json\/wp\/v2\/fascia_prezzo?post=90531"},{"taxonomy":"ynn-marchi","embeddable":true,"href":"https:\/\/piastrellerinaldi.it\/en\/wp-json\/wp\/v2\/ynn-marchi?post=90531"},{"taxonomy":"ynn_slider_homepage","embeddable":true,"href":"https:\/\/piastrellerinaldi.it\/en\/wp-json\/wp\/v2\/ynn_slider_homepage?post=90531"},{"taxonomy":"prod-effetti","embeddable":true,"href":"https:\/\/piastrellerinaldi.it\/en\/wp-json\/wp\/v2\/prod-effetti?post=90531"},{"taxonomy":"ynn-tempi-consegne","embeddable":true,"href":"https:\/\/piastrellerinaldi.it\/en\/wp-json\/wp\/v2\/ynn-tempi-consegne?post=90531"},{"taxonomy":"woo-feed-brand","embeddable":true,"href":"https:\/\/piastrellerinaldi.it\/en\/wp-json\/wp\/v2\/woo-feed-brand?post=90531"}],"curies":[{"name":"wp","href":"https:\/\/api.w.org\/{rel}","templated":true}]}}