{"id":74428,"date":"2023-04-07T09:47:48","date_gmt":"2023-04-07T07:47:48","guid":{"rendered":"https:\/\/piastrellerinaldi.it\/?post_type=product&#038;p=74428"},"modified":"2026-04-21T18:09:28","modified_gmt":"2026-04-21T16:09:28","slug":"imola-x-rock-60x60-60n","status":"publish","type":"product","link":"https:\/\/piastrellerinaldi.it\/en\/shop\/indoor-floors\/porcelain-stoneware-for-interiors\/stone-effect-indoor-floors\/imola-ceramica-gres-porcellanato-pavimenti-rivestimenti\/imola-x-rock-60x60-60n\/","title":{"rendered":"IMOLA X-rock 60&#215;60 60N"},"content":{"rendered":"<section class=\"l-section wpb_row height_small width_full\"><div class=\"l-section-h i-cf\"><div class=\"g-cols vc_row via_flex valign_top type_default stacking_default\"><div class=\"vc_col-sm-12 wpb_column vc_column_container\"><div class=\"vc_column-inner\"><div class=\"wpb_wrapper\"><div class=\"wpb_text_column\"><div class=\"wpb_wrapper\"><p><strong>Technical characteristics:<\/strong> Gres porcellanato colorato in massa, prima scelta, rettificato, spessore 10 mm.<\/p>\n<p><strong>Contents per box:<\/strong> 1.08 m2<\/p>\n<p><strong>Format:<\/strong> 60\u00d760 cm<\/p>\n<p>Ed \u00e8 dalla forza dinamica delle diagonali che nasce X-Rock. X sottolinea la natura innovativa della collezione, Rock ne contestualizza la provenienza: la roccia, la pietra. \u00c8 il primo progetto che interpreta una pietra dove quello che vedi non \u00e8 ci\u00f2 che \u00e8: la superficie appare spigolosa ma in realt\u00e0 \u00e8 morbida; sembra a tinta unita ma non lo \u00e8; sembra non riflettere ma se ci cammini sopra tutto cambia.<\/p>\n<\/div><\/div><\/div><\/div><\/div><\/div><\/div><\/section>","protected":false},"excerpt":{"rendered":"Caratteristiche tecniche: Gres porcellanato colorato in massa, prima scelta, rettificato, spessore 10 mm. Contenuto per scatola: 1,08 mq Formato: 60\u00d760 cm Ed \u00e8 dalla forza dinamica delle diagonali che nasce X-Rock. X sottolinea la natura innovativa della collezione, Rock ne contestualizza la provenienza: la roccia, la pietra. \u00c8 il primo progetto che interpreta una pietra...","protected":false},"featured_media":74377,"template":"","meta":{"_acf_changed":false},"product_brand":[],"product_cat":[179,24],"product_tag":[],"etichette":[],"colore_portfolio_e_prodotti":[897],"formato":[867],"fascia_prezzo":[975],"ynn-marchi":[3129],"ynn_slider_homepage":[],"prod-effetti":[],"ynn-tempi-consegne":[3510],"woo-feed-brand":[],"class_list":{"0":"post-74428","1":"product","2":"type-product","3":"status-publish","4":"has-post-thumbnail","6":"product_cat-effetto-pietra-pavimenti-per-interno","7":"product_cat-pavimenti-per-interno","8":"product_shipping_class-new-gres-e-piastrelle-al-kg","9":"colore_portfolio_e_prodotti-nero","10":"formato-60x60","11":"fascia_prezzo-3000-e-3999-e","12":"ynn-marchi-imola-ceramica-gres-porcellanato-pavimenti-rivestimenti","13":"ynn-tempi-consegne-3510","15":"first","16":"instock","17":"taxable","18":"shipping-taxable","19":"purchasable","20":"product-type-variable","21":"has-default-attributes"},"acf":[],"yoast_head":"<!-- This site is optimized with the Yoast SEO plugin v27.3 - https:\/\/yoast.com\/product\/yoast-seo-wordpress\/ -->\n<title>IMOLA X-rock 60x60 60N - Rinaldi significa CASA, sempre con la stessa passione da tre generazioni<\/title>\n<meta name=\"robots\" content=\"index, follow, max-snippet:-1, max-image-preview:large, max-video-preview:-1\" \/>\n<link rel=\"canonical\" href=\"https:\/\/piastrellerinaldi.it\/en\/shop\/indoor-floors\/porcelain-stoneware-for-interiors\/stone-effect-indoor-floors\/imola-ceramica-gres-porcellanato-pavimenti-rivestimenti\/imola-x-rock-60x60-60n\/\" \/>\n<meta property=\"og:locale\" content=\"en_GB\" \/>\n<meta property=\"og:type\" content=\"article\" \/>\n<meta property=\"og:title\" content=\"IMOLA X-rock 60x60 60N - Rinaldi significa CASA, sempre con la stessa passione da tre generazioni\" \/>\n<meta property=\"og:url\" content=\"https:\/\/piastrellerinaldi.it\/en\/shop\/indoor-floors\/porcelain-stoneware-for-interiors\/stone-effect-indoor-floors\/imola-ceramica-gres-porcellanato-pavimenti-rivestimenti\/imola-x-rock-60x60-60n\/\" \/>\n<meta property=\"og:site_name\" content=\"Rinaldi significa CASA, sempre con la stessa passione da tre generazioni\" \/>\n<meta property=\"article:publisher\" content=\"https:\/\/www.facebook.com\/piastrellerinaldi\/\" \/>\n<meta property=\"article:modified_time\" content=\"2026-04-21T16:09:28+00:00\" \/>\n<meta property=\"og:image\" content=\"https:\/\/piastrellerinaldi.it\/wp-content\/uploads\/2023\/04\/IMOLA-X-rock-N-1.jpg\" \/>\n\t<meta property=\"og:image:width\" content=\"1080\" \/>\n\t<meta property=\"og:image:height\" content=\"1080\" \/>\n\t<meta property=\"og:image:type\" content=\"image\/jpeg\" \/>\n<meta name=\"twitter:card\" content=\"summary_large_image\" \/>\n<script type=\"application\/ld+json\" class=\"yoast-schema-graph\">{\"@context\":\"https:\\\/\\\/schema.org\",\"@graph\":[{\"@type\":\"WebPage\",\"@id\":\"https:\\\/\\\/piastrellerinaldi.it\\\/negozio\\\/pavimenti-per-interno\\\/gres-porcellanato-per-interni\\\/effetto-pietra-pavimenti-per-interno\\\/imola-ceramica-gres-porcellanato-pavimenti-rivestimenti\\\/imola-x-rock-60x60-60n\\\/\",\"url\":\"https:\\\/\\\/piastrellerinaldi.it\\\/negozio\\\/pavimenti-per-interno\\\/gres-porcellanato-per-interni\\\/effetto-pietra-pavimenti-per-interno\\\/imola-ceramica-gres-porcellanato-pavimenti-rivestimenti\\\/imola-x-rock-60x60-60n\\\/\",\"name\":\"IMOLA X-rock 60x60 60N - Rinaldi significa CASA, sempre con la stessa passione da tre generazioni\",\"isPartOf\":{\"@id\":\"https:\\\/\\\/piastrellerinaldi.it\\\/#website\"},\"primaryImageOfPage\":{\"@id\":\"https:\\\/\\\/piastrellerinaldi.it\\\/negozio\\\/pavimenti-per-interno\\\/gres-porcellanato-per-interni\\\/effetto-pietra-pavimenti-per-interno\\\/imola-ceramica-gres-porcellanato-pavimenti-rivestimenti\\\/imola-x-rock-60x60-60n\\\/#primaryimage\"},\"image\":{\"@id\":\"https:\\\/\\\/piastrellerinaldi.it\\\/negozio\\\/pavimenti-per-interno\\\/gres-porcellanato-per-interni\\\/effetto-pietra-pavimenti-per-interno\\\/imola-ceramica-gres-porcellanato-pavimenti-rivestimenti\\\/imola-x-rock-60x60-60n\\\/#primaryimage\"},\"thumbnailUrl\":\"https:\\\/\\\/piastrellerinaldi.it\\\/wp-content\\\/uploads\\\/2023\\\/04\\\/IMOLA-X-rock-N-1.jpg\",\"datePublished\":\"2023-04-07T07:47:48+00:00\",\"dateModified\":\"2026-04-21T16:09:28+00:00\",\"breadcrumb\":{\"@id\":\"https:\\\/\\\/piastrellerinaldi.it\\\/negozio\\\/pavimenti-per-interno\\\/gres-porcellanato-per-interni\\\/effetto-pietra-pavimenti-per-interno\\\/imola-ceramica-gres-porcellanato-pavimenti-rivestimenti\\\/imola-x-rock-60x60-60n\\\/#breadcrumb\"},\"inLanguage\":\"en-GB\",\"potentialAction\":[{\"@type\":\"ReadAction\",\"target\":[\"https:\\\/\\\/piastrellerinaldi.it\\\/negozio\\\/pavimenti-per-interno\\\/gres-porcellanato-per-interni\\\/effetto-pietra-pavimenti-per-interno\\\/imola-ceramica-gres-porcellanato-pavimenti-rivestimenti\\\/imola-x-rock-60x60-60n\\\/\"]}]},{\"@type\":\"ImageObject\",\"inLanguage\":\"en-GB\",\"@id\":\"https:\\\/\\\/piastrellerinaldi.it\\\/negozio\\\/pavimenti-per-interno\\\/gres-porcellanato-per-interni\\\/effetto-pietra-pavimenti-per-interno\\\/imola-ceramica-gres-porcellanato-pavimenti-rivestimenti\\\/imola-x-rock-60x60-60n\\\/#primaryimage\",\"url\":\"https:\\\/\\\/piastrellerinaldi.it\\\/wp-content\\\/uploads\\\/2023\\\/04\\\/IMOLA-X-rock-N-1.jpg\",\"contentUrl\":\"https:\\\/\\\/piastrellerinaldi.it\\\/wp-content\\\/uploads\\\/2023\\\/04\\\/IMOLA-X-rock-N-1.jpg\",\"width\":1080,\"height\":1080},{\"@type\":\"BreadcrumbList\",\"@id\":\"https:\\\/\\\/piastrellerinaldi.it\\\/negozio\\\/pavimenti-per-interno\\\/gres-porcellanato-per-interni\\\/effetto-pietra-pavimenti-per-interno\\\/imola-ceramica-gres-porcellanato-pavimenti-rivestimenti\\\/imola-x-rock-60x60-60n\\\/#breadcrumb\",\"itemListElement\":[{\"@type\":\"ListItem\",\"position\":1,\"name\":\"HOME\",\"item\":\"https:\\\/\\\/piastrellerinaldi.it\\\/\"},{\"@type\":\"ListItem\",\"position\":2,\"name\":\"PRODOTTI ON-LINE\",\"item\":\"https:\\\/\\\/piastrellerinaldi.it\\\/negozio\\\/\"},{\"@type\":\"ListItem\",\"position\":3,\"name\":\"PAVIMENTI PER INTERNO\",\"item\":\"https:\\\/\\\/piastrellerinaldi.it\\\/categoria-prodotto\\\/pavimenti-per-interno\\\/\"},{\"@type\":\"ListItem\",\"position\":4,\"name\":\"IMOLA X-rock 60&#215;60 60N\"}]},{\"@type\":\"WebSite\",\"@id\":\"https:\\\/\\\/piastrellerinaldi.it\\\/#website\",\"url\":\"https:\\\/\\\/piastrellerinaldi.it\\\/\",\"name\":\"Rinaldi significa CASA, sempre con la stessa passione da tre generazioni\",\"description\":\"Pavimenti e rivestimenti | Arredo bagno | Riscaldamento | Porte | Negozio online | Consegna gratuita in Italia | Consulenza | Progettazione\",\"publisher\":{\"@id\":\"https:\\\/\\\/piastrellerinaldi.it\\\/#organization\"},\"potentialAction\":[{\"@type\":\"SearchAction\",\"target\":{\"@type\":\"EntryPoint\",\"urlTemplate\":\"https:\\\/\\\/piastrellerinaldi.it\\\/?s={search_term_string}\"},\"query-input\":{\"@type\":\"PropertyValueSpecification\",\"valueRequired\":true,\"valueName\":\"search_term_string\"}}],\"inLanguage\":\"en-GB\"},{\"@type\":\"Organization\",\"@id\":\"https:\\\/\\\/piastrellerinaldi.it\\\/#organization\",\"name\":\"Rinaldi S.r.l.\",\"url\":\"https:\\\/\\\/piastrellerinaldi.it\\\/\",\"logo\":{\"@type\":\"ImageObject\",\"inLanguage\":\"en-GB\",\"@id\":\"https:\\\/\\\/piastrellerinaldi.it\\\/#\\\/schema\\\/logo\\\/image\\\/\",\"url\":\"https:\\\/\\\/piastrellerinaldi.it\\\/wp-content\\\/uploads\\\/2021\\\/01\\\/Rinaldi_Piastrelle-Logo-01.svg\",\"contentUrl\":\"https:\\\/\\\/piastrellerinaldi.it\\\/wp-content\\\/uploads\\\/2021\\\/01\\\/Rinaldi_Piastrelle-Logo-01.svg\",\"width\":1,\"height\":1,\"caption\":\"Rinaldi S.r.l.\"},\"image\":{\"@id\":\"https:\\\/\\\/piastrellerinaldi.it\\\/#\\\/schema\\\/logo\\\/image\\\/\"},\"sameAs\":[\"https:\\\/\\\/www.facebook.com\\\/piastrellerinaldi\\\/\",\"https:\\\/\\\/www.instagram.com\\\/piastrelle_rinaldi\\\/\"]}]}<\/script>\n<!-- \/ Yoast SEO plugin. -->","yoast_head_json":{"title":"IMOLA X-rock 60x60 60N - Rinaldi significa CASA, sempre con la stessa passione da tre generazioni","robots":{"index":"index","follow":"follow","max-snippet":"max-snippet:-1","max-image-preview":"max-image-preview:large","max-video-preview":"max-video-preview:-1"},"canonical":"https:\/\/piastrellerinaldi.it\/en\/shop\/indoor-floors\/porcelain-stoneware-for-interiors\/stone-effect-indoor-floors\/imola-ceramica-gres-porcellanato-pavimenti-rivestimenti\/imola-x-rock-60x60-60n\/","og_locale":"en_GB","og_type":"article","og_title":"IMOLA X-rock 60x60 60N - Rinaldi significa CASA, sempre con la stessa passione da tre generazioni","og_url":"https:\/\/piastrellerinaldi.it\/en\/shop\/indoor-floors\/porcelain-stoneware-for-interiors\/stone-effect-indoor-floors\/imola-ceramica-gres-porcellanato-pavimenti-rivestimenti\/imola-x-rock-60x60-60n\/","og_site_name":"Rinaldi significa CASA, sempre con la stessa passione da tre generazioni","article_publisher":"https:\/\/www.facebook.com\/piastrellerinaldi\/","article_modified_time":"2026-04-21T16:09:28+00:00","og_image":[{"width":1080,"height":1080,"url":"https:\/\/piastrellerinaldi.it\/wp-content\/uploads\/2023\/04\/IMOLA-X-rock-N-1.jpg","type":"image\/jpeg"}],"twitter_card":"summary_large_image","schema":{"@context":"https:\/\/schema.org","@graph":[{"@type":"WebPage","@id":"https:\/\/piastrellerinaldi.it\/negozio\/pavimenti-per-interno\/gres-porcellanato-per-interni\/effetto-pietra-pavimenti-per-interno\/imola-ceramica-gres-porcellanato-pavimenti-rivestimenti\/imola-x-rock-60x60-60n\/","url":"https:\/\/piastrellerinaldi.it\/negozio\/pavimenti-per-interno\/gres-porcellanato-per-interni\/effetto-pietra-pavimenti-per-interno\/imola-ceramica-gres-porcellanato-pavimenti-rivestimenti\/imola-x-rock-60x60-60n\/","name":"IMOLA X-rock 60x60 60N - Rinaldi significa CASA, sempre con la stessa passione da tre generazioni","isPartOf":{"@id":"https:\/\/piastrellerinaldi.it\/#website"},"primaryImageOfPage":{"@id":"https:\/\/piastrellerinaldi.it\/negozio\/pavimenti-per-interno\/gres-porcellanato-per-interni\/effetto-pietra-pavimenti-per-interno\/imola-ceramica-gres-porcellanato-pavimenti-rivestimenti\/imola-x-rock-60x60-60n\/#primaryimage"},"image":{"@id":"https:\/\/piastrellerinaldi.it\/negozio\/pavimenti-per-interno\/gres-porcellanato-per-interni\/effetto-pietra-pavimenti-per-interno\/imola-ceramica-gres-porcellanato-pavimenti-rivestimenti\/imola-x-rock-60x60-60n\/#primaryimage"},"thumbnailUrl":"https:\/\/piastrellerinaldi.it\/wp-content\/uploads\/2023\/04\/IMOLA-X-rock-N-1.jpg","datePublished":"2023-04-07T07:47:48+00:00","dateModified":"2026-04-21T16:09:28+00:00","breadcrumb":{"@id":"https:\/\/piastrellerinaldi.it\/negozio\/pavimenti-per-interno\/gres-porcellanato-per-interni\/effetto-pietra-pavimenti-per-interno\/imola-ceramica-gres-porcellanato-pavimenti-rivestimenti\/imola-x-rock-60x60-60n\/#breadcrumb"},"inLanguage":"en-GB","potentialAction":[{"@type":"ReadAction","target":["https:\/\/piastrellerinaldi.it\/negozio\/pavimenti-per-interno\/gres-porcellanato-per-interni\/effetto-pietra-pavimenti-per-interno\/imola-ceramica-gres-porcellanato-pavimenti-rivestimenti\/imola-x-rock-60x60-60n\/"]}]},{"@type":"ImageObject","inLanguage":"en-GB","@id":"https:\/\/piastrellerinaldi.it\/negozio\/pavimenti-per-interno\/gres-porcellanato-per-interni\/effetto-pietra-pavimenti-per-interno\/imola-ceramica-gres-porcellanato-pavimenti-rivestimenti\/imola-x-rock-60x60-60n\/#primaryimage","url":"https:\/\/piastrellerinaldi.it\/wp-content\/uploads\/2023\/04\/IMOLA-X-rock-N-1.jpg","contentUrl":"https:\/\/piastrellerinaldi.it\/wp-content\/uploads\/2023\/04\/IMOLA-X-rock-N-1.jpg","width":1080,"height":1080},{"@type":"BreadcrumbList","@id":"https:\/\/piastrellerinaldi.it\/negozio\/pavimenti-per-interno\/gres-porcellanato-per-interni\/effetto-pietra-pavimenti-per-interno\/imola-ceramica-gres-porcellanato-pavimenti-rivestimenti\/imola-x-rock-60x60-60n\/#breadcrumb","itemListElement":[{"@type":"ListItem","position":1,"name":"HOME","item":"https:\/\/piastrellerinaldi.it\/"},{"@type":"ListItem","position":2,"name":"PRODOTTI ON-LINE","item":"https:\/\/piastrellerinaldi.it\/negozio\/"},{"@type":"ListItem","position":3,"name":"PAVIMENTI PER INTERNO","item":"https:\/\/piastrellerinaldi.it\/categoria-prodotto\/pavimenti-per-interno\/"},{"@type":"ListItem","position":4,"name":"IMOLA X-rock 60&#215;60 60N"}]},{"@type":"WebSite","@id":"https:\/\/piastrellerinaldi.it\/#website","url":"https:\/\/piastrellerinaldi.it\/","name":"Rinaldi means HOME, always with the same passion for three generations","description":"Flooring and wall tiles | Bathroom furniture | Heating | Doors | Online shop | Free delivery in Italy | Consultancy | Design","publisher":{"@id":"https:\/\/piastrellerinaldi.it\/#organization"},"potentialAction":[{"@type":"SearchAction","target":{"@type":"EntryPoint","urlTemplate":"https:\/\/piastrellerinaldi.it\/?s={search_term_string}"},"query-input":{"@type":"PropertyValueSpecification","valueRequired":true,"valueName":"search_term_string"}}],"inLanguage":"en-GB"},{"@type":"Organization","@id":"https:\/\/piastrellerinaldi.it\/#organization","name":"Rinaldi S.r.l.","url":"https:\/\/piastrellerinaldi.it\/","logo":{"@type":"ImageObject","inLanguage":"en-GB","@id":"https:\/\/piastrellerinaldi.it\/#\/schema\/logo\/image\/","url":"https:\/\/piastrellerinaldi.it\/wp-content\/uploads\/2021\/01\/Rinaldi_Piastrelle-Logo-01.svg","contentUrl":"https:\/\/piastrellerinaldi.it\/wp-content\/uploads\/2021\/01\/Rinaldi_Piastrelle-Logo-01.svg","width":1,"height":1,"caption":"Rinaldi S.r.l."},"image":{"@id":"https:\/\/piastrellerinaldi.it\/#\/schema\/logo\/image\/"},"sameAs":["https:\/\/www.facebook.com\/piastrellerinaldi\/","https:\/\/www.instagram.com\/piastrelle_rinaldi\/"]}]}},"_links":{"self":[{"href":"https:\/\/piastrellerinaldi.it\/en\/wp-json\/wp\/v2\/product\/74428","targetHints":{"allow":["GET"]}}],"collection":[{"href":"https:\/\/piastrellerinaldi.it\/en\/wp-json\/wp\/v2\/product"}],"about":[{"href":"https:\/\/piastrellerinaldi.it\/en\/wp-json\/wp\/v2\/types\/product"}],"wp:featuredmedia":[{"embeddable":true,"href":"https:\/\/piastrellerinaldi.it\/en\/wp-json\/wp\/v2\/media\/74377"}],"wp:attachment":[{"href":"https:\/\/piastrellerinaldi.it\/en\/wp-json\/wp\/v2\/media?parent=74428"}],"wp:term":[{"taxonomy":"product_brand","embeddable":true,"href":"https:\/\/piastrellerinaldi.it\/en\/wp-json\/wp\/v2\/product_brand?post=74428"},{"taxonomy":"product_cat","embeddable":true,"href":"https:\/\/piastrellerinaldi.it\/en\/wp-json\/wp\/v2\/product_cat?post=74428"},{"taxonomy":"product_tag","embeddable":true,"href":"https:\/\/piastrellerinaldi.it\/en\/wp-json\/wp\/v2\/product_tag?post=74428"},{"taxonomy":"etichette","embeddable":true,"href":"https:\/\/piastrellerinaldi.it\/en\/wp-json\/wp\/v2\/etichette?post=74428"},{"taxonomy":"colore_portfolio_e_prodotti","embeddable":true,"href":"https:\/\/piastrellerinaldi.it\/en\/wp-json\/wp\/v2\/colore_portfolio_e_prodotti?post=74428"},{"taxonomy":"formato","embeddable":true,"href":"https:\/\/piastrellerinaldi.it\/en\/wp-json\/wp\/v2\/formato?post=74428"},{"taxonomy":"fascia_prezzo","embeddable":true,"href":"https:\/\/piastrellerinaldi.it\/en\/wp-json\/wp\/v2\/fascia_prezzo?post=74428"},{"taxonomy":"ynn-marchi","embeddable":true,"href":"https:\/\/piastrellerinaldi.it\/en\/wp-json\/wp\/v2\/ynn-marchi?post=74428"},{"taxonomy":"ynn_slider_homepage","embeddable":true,"href":"https:\/\/piastrellerinaldi.it\/en\/wp-json\/wp\/v2\/ynn_slider_homepage?post=74428"},{"taxonomy":"prod-effetti","embeddable":true,"href":"https:\/\/piastrellerinaldi.it\/en\/wp-json\/wp\/v2\/prod-effetti?post=74428"},{"taxonomy":"ynn-tempi-consegne","embeddable":true,"href":"https:\/\/piastrellerinaldi.it\/en\/wp-json\/wp\/v2\/ynn-tempi-consegne?post=74428"},{"taxonomy":"woo-feed-brand","embeddable":true,"href":"https:\/\/piastrellerinaldi.it\/en\/wp-json\/wp\/v2\/woo-feed-brand?post=74428"}],"curies":[{"name":"wp","href":"https:\/\/api.w.org\/{rel}","templated":true}]}}