{"id":56700,"date":"2022-04-08T09:17:08","date_gmt":"2022-04-08T07:17:08","guid":{"rendered":"https:\/\/piastrellerinaldi.it\/?post_type=product&#038;p=56700"},"modified":"2026-03-16T17:03:09","modified_gmt":"2026-03-16T15:03:09","slug":"edilkamin-nara2-plus-up","status":"publish","type":"product","link":"https:\/\/piastrellerinaldi.it\/en\/shop\/heating\/stoves\/a-pellet\/edilkamin-stufe-caminetti-innovativi\/edilkamin-nara2-plus-up\/","title":{"rendered":"EDILKAMIN Nara2 Up"},"content":{"rendered":"<section class=\"l-section wpb_row height_small width_full\"><div class=\"l-section-h i-cf\"><div class=\"g-cols vc_row via_flex valign_top type_default stacking_default\"><div class=\"vc_col-sm-12 wpb_column vc_column_container\"><div class=\"vc_column-inner\"><div class=\"wpb_wrapper\"><div class=\"w-tabs style_default switch_click accordion type_togglable has_scrolling\" style=\"--sections-title-size:inherit\"><div class=\"w-tabs-sections titles-align_none icon_triangle cpos_right\"><div class=\"w-tabs-section active\" id=\"of54\" style=\"background:#cfc4bc;\"><button class=\"w-tabs-section-header active\" aria-controls=\"content-of54\" aria-expanded=\"true\"><div class=\"w-tabs-section-title\"><b>Features<\/b><\/div><div class=\"w-tabs-section-control\"><\/div><\/button><div  class=\"w-tabs-section-content us_custom_057801f8\" id=\"content-of54\"><div class=\"w-tabs-section-content-h i-cf\"><div class=\"wpb_text_column\"><div class=\"wpb_wrapper\"><p><strong>Description: <\/strong>focolare in ghisa \/\/ candeletta ceramica \/\/ uscita fumi \u00d8 8 cm posteriore maschio \/\/ programmazione giornaliera-settimanale \/\/ funzione EASY TIMER \/\/ funzione RELAX (disattivazione ventilazione) \/\/ Spia riserva pellet \/\/ Radiocomando \u201cMind remote\u201d\/\/ Sistema The Mind con WI-FI integrato \/\/ Sistema Leonardo<\/p>\n<p><strong>Model:<\/strong> serie ceramica Bianco opaco<\/p>\n<\/div><\/div><div class=\"wpb_text_column\"><div class=\"wpb_wrapper\"><p><strong>Technical data:<\/strong><\/p>\n<div class=\"w-gallery fit_cover wp_gallery type_grid action_popup_image ratio_1x1 count_1\" style=\"--columns:3;--items-gap:0px;\"><div class=\"w-gallery-list\"><div class=\"w-gallery-item\"><div class=\"w-gallery-item-img\"><img decoding=\"async\" width=\"1200\" height=\"800\" data-src=\"https:\/\/piastrellerinaldi.it\/wp-content\/uploads\/2022\/04\/Dati-tecnici-2.jpg\" class=\"attachment-full size-full lazyload\" alt=\"\" data-srcset=\"https:\/\/piastrellerinaldi.it\/wp-content\/uploads\/2022\/04\/Dati-tecnici-2.jpg 1200w, https:\/\/piastrellerinaldi.it\/wp-content\/uploads\/2022\/04\/Dati-tecnici-2-300x200.jpg 300w, https:\/\/piastrellerinaldi.it\/wp-content\/uploads\/2022\/04\/Dati-tecnici-2-1024x683.jpg 1024w, https:\/\/piastrellerinaldi.it\/wp-content\/uploads\/2022\/04\/Dati-tecnici-2-18x12.jpg 18w, https:\/\/piastrellerinaldi.it\/wp-content\/uploads\/2022\/04\/Dati-tecnici-2-60x40.jpg 60w, https:\/\/piastrellerinaldi.it\/wp-content\/uploads\/2022\/04\/Dati-tecnici-2-525x350.jpg 525w, https:\/\/piastrellerinaldi.it\/wp-content\/uploads\/2022\/04\/Dati-tecnici-2-600x400.jpg 600w\" data-sizes=\"auto\" src=\"data:image\/svg+xml;base64,PHN2ZyB3aWR0aD0iMSIgaGVpZ2h0PSIxIiB4bWxucz0iaHR0cDovL3d3dy53My5vcmcvMjAwMC9zdmciPjwvc3ZnPg==\" style=\"--smush-placeholder-width: 1200px; --smush-placeholder-aspect-ratio: 1200\/800;\" data-original-sizes=\"(max-width: 1200px) 100vw, 1200px\" \/><\/div><a class=\"w-gallery-item-link\" aria-label=\"Technical Data\" href=\"https:\/\/piastrellerinaldi.it\/wp-content\/uploads\/2022\/04\/Dati-tecnici-2.jpg\" title=\"Technical Data\"><\/a><\/div><\/div><\/div>\n<\/div><\/div><\/div><\/div><\/div><div class=\"w-tabs-section active\" id=\"h395\" style=\"background:#cfc4bc;\"><button class=\"w-tabs-section-header active\" aria-controls=\"content-h395\" aria-expanded=\"true\"><div class=\"w-tabs-section-title\"><b>Certifications<\/b><\/div><div class=\"w-tabs-section-control\"><\/div><\/button><div  class=\"w-tabs-section-content us_custom_c1270e5a\" id=\"content-h395\"><div class=\"w-tabs-section-content-h i-cf\"><div class=\"wpb_text_column\"><div class=\"wpb_wrapper\"><p><strong>Environmental class M.D. 186: <\/strong>5 stars<\/p>\n<p><strong><img decoding=\"async\" class=\"alignnone wp-image-56702 lazyload\" data-src=\"https:\/\/piastrellerinaldi.it\/wp-content\/uploads\/2022\/04\/stelle-soluzioni-tecnologiche.jpg\" alt=\"\" width=\"119\" height=\"34\" data-srcset=\"https:\/\/piastrellerinaldi.it\/wp-content\/uploads\/2022\/04\/stelle-soluzioni-tecnologiche.jpg 175w, https:\/\/piastrellerinaldi.it\/wp-content\/uploads\/2022\/04\/stelle-soluzioni-tecnologiche-18x5.jpg 18w, https:\/\/piastrellerinaldi.it\/wp-content\/uploads\/2022\/04\/stelle-soluzioni-tecnologiche-140x40.jpg 140w\" data-sizes=\"auto\" src=\"data:image\/svg+xml;base64,PHN2ZyB3aWR0aD0iMSIgaGVpZ2h0PSIxIiB4bWxucz0iaHR0cDovL3d3dy53My5vcmcvMjAwMC9zdmciPjwvc3ZnPg==\" style=\"--smush-placeholder-width: 119px; --smush-placeholder-aspect-ratio: 119\/34;\" data-original-sizes=\"(max-width: 119px) 100vw, 119px\" \/><\/strong><\/p>\n<p><strong>Energy efficiency class:<\/strong> A+<\/p>\n<p><a ref=\"magnificPopup\" href=\"https:\/\/piastrellerinaldi.it\/wp-content\/uploads\/2022\/04\/Dati-tecnici-2.jpg\" target=\"_blank\" rel=\"noopener\"><strong><img decoding=\"async\" class=\"alignnone wp-image-56706 lazyload\" data-src=\"https:\/\/piastrellerinaldi.it\/wp-content\/uploads\/2022\/04\/Classe-A-p.jpg\" alt=\"\" width=\"122\" height=\"32\" data-srcset=\"https:\/\/piastrellerinaldi.it\/wp-content\/uploads\/2022\/04\/Classe-A-p.jpg 192w, https:\/\/piastrellerinaldi.it\/wp-content\/uploads\/2022\/04\/Classe-A-p-18x5.jpg 18w, https:\/\/piastrellerinaldi.it\/wp-content\/uploads\/2022\/04\/Classe-A-p-154x40.jpg 154w\" data-sizes=\"auto\" src=\"data:image\/svg+xml;base64,PHN2ZyB3aWR0aD0iMSIgaGVpZ2h0PSIxIiB4bWxucz0iaHR0cDovL3d3dy53My5vcmcvMjAwMC9zdmciPjwvc3ZnPg==\" style=\"--smush-placeholder-width: 122px; --smush-placeholder-aspect-ratio: 122\/32;\" data-original-sizes=\"(max-width: 122px) 100vw, 122px\" \/><\/strong><\/a><\/p>\n<\/div><\/div><\/div><\/div><\/div><div class=\"w-tabs-section\" id=\"r54a\" style=\"background:#cfc4bc;\"><button class=\"w-tabs-section-header\" aria-controls=\"content-r54a\" aria-expanded=\"false\"><div class=\"w-tabs-section-title\"><b>Supplier company<\/b><\/div><div class=\"w-tabs-section-control\"><\/div><\/button><div  class=\"w-tabs-section-content us_custom_057801f8\" id=\"content-r54a\"><div class=\"w-tabs-section-content-h i-cf\"><div class=\"wpb_text_column\"><div class=\"wpb_wrapper\"><p><strong>EDILKAMIN<\/strong><\/p>\n<p>Founded in 1963, Edilkamin has become one of the most important companies in the industry.<br \/>\nCon oltre 50 anni di esperienza e capacit\u00e0 progettuale all\u2019avanguardia, l\u2019azienda \u00e8 apprezzata sia in Italia che all&#8217;estero, assicurando un riscaldamento domestico sempre pi\u00f9 ecologico ed economico.<\/p>\n<p>It offers technologically advanced solutions and design in line with modern needs, and guarantees maximum reliability and safety. Before leaving the production chain, every Edilkamin product is checked, verified and tested for maximum efficiency.<\/p>\n<p>L&#8217; attenzione per la qualit\u00e0 dei prodotti ha fatto s\u00ec che Edilkamin possa garantirne la massima affidabilit\u00e0 e sicurezza e vantare le pi\u00f9 importanti certificazioni, come marcatura CE e le certificazioni francesi, tedesche, austriache, slovene e russe.<\/p>\n<\/div><\/div><\/div><\/div><\/div><\/div><\/div><\/div><\/div><\/div><\/div><\/div><\/section>","protected":false},"excerpt":{"rendered":"CaratteristicheDescrizione: focolare in ghisa \/\/ candeletta ceramica \/\/ uscita fumi \u00d8 8 cm posteriore maschio \/\/ programmazione giornaliera-settimanale \/\/ funzione EASY TIMER \/\/ funzione RELAX (disattivazione ventilazione) \/\/ Spia riserva pellet \/\/ Radiocomando \u201cMind remote\u201d\/\/ Sistema The Mind con WI-FI integrato \/\/ Sistema Leonardo Modello: serie ceramica Bianco opaco Dati tecnici: CertificazioniClasse ambientale D.M. 186:...","protected":false},"featured_media":74794,"template":"","meta":{"_acf_changed":false},"product_brand":[],"product_cat":[1793,377,378],"product_tag":[],"etichette":[832,256],"colore_portfolio_e_prodotti":[893,897],"formato":[],"fascia_prezzo":[981],"ynn-marchi":[3148],"ynn_slider_homepage":[],"prod-effetti":[],"ynn-tempi-consegne":[3514],"woo-feed-brand":[],"class_list":{"0":"post-56700","1":"product","2":"type-product","3":"status-publish","4":"has-post-thumbnail","6":"product_cat-a-pellet","7":"product_cat-riscaldamento","8":"product_cat-stufe","9":"product_shipping_class-new-stufe","10":"etichette-promo","11":"etichette-pronta-consegna","12":"colore_portfolio_e_prodotti-bianco","13":"colore_portfolio_e_prodotti-nero","14":"fascia_prezzo-oltre-50000-e","15":"ynn-marchi-edilkamin-stufe-caminetti-innovativi","16":"ynn-tempi-consegne-3514","18":"first","19":"instock","20":"sale","21":"taxable","22":"shipping-taxable","23":"purchasable","24":"product-type-variable","25":"has-default-attributes"},"acf":[],"yoast_head":"<!-- This site is optimized with the Yoast SEO plugin v27.3 - https:\/\/yoast.com\/product\/yoast-seo-wordpress\/ -->\n<title>EDILKAMIN Nara2 Up - Rinaldi significa CASA, sempre con la stessa passione da tre generazioni<\/title>\n<meta name=\"robots\" content=\"index, follow, max-snippet:-1, max-image-preview:large, max-video-preview:-1\" \/>\n<link rel=\"canonical\" href=\"https:\/\/piastrellerinaldi.it\/en\/shop\/heating\/stoves\/a-pellet\/edilkamin-stufe-caminetti-innovativi\/edilkamin-nara2-plus-up\/\" \/>\n<meta property=\"og:locale\" content=\"en_GB\" \/>\n<meta property=\"og:type\" content=\"article\" \/>\n<meta property=\"og:title\" content=\"EDILKAMIN Nara2 Up - Rinaldi significa CASA, sempre con la stessa passione da tre generazioni\" \/>\n<meta property=\"og:url\" content=\"https:\/\/piastrellerinaldi.it\/en\/shop\/heating\/stoves\/a-pellet\/edilkamin-stufe-caminetti-innovativi\/edilkamin-nara2-plus-up\/\" \/>\n<meta property=\"og:site_name\" content=\"Rinaldi significa CASA, sempre con la stessa passione da tre generazioni\" \/>\n<meta property=\"article:publisher\" content=\"https:\/\/www.facebook.com\/piastrellerinaldi\/\" \/>\n<meta property=\"article:modified_time\" content=\"2026-03-16T15:03:09+00:00\" \/>\n<meta property=\"og:image\" content=\"https:\/\/piastrellerinaldi.it\/wp-content\/uploads\/2022\/04\/EDILKAMIN-Nara2-Up-1-2.jpg\" \/>\n\t<meta property=\"og:image:width\" content=\"1080\" \/>\n\t<meta property=\"og:image:height\" content=\"1080\" \/>\n\t<meta property=\"og:image:type\" content=\"image\/jpeg\" \/>\n<meta name=\"twitter:card\" content=\"summary_large_image\" \/>\n<script type=\"application\/ld+json\" class=\"yoast-schema-graph\">{\"@context\":\"https:\\\/\\\/schema.org\",\"@graph\":[{\"@type\":\"WebPage\",\"@id\":\"https:\\\/\\\/piastrellerinaldi.it\\\/negozio\\\/riscaldamento\\\/stufe\\\/a-pellet\\\/edilkamin-stufe-caminetti-innovativi\\\/edilkamin-nara2-plus-up\\\/\",\"url\":\"https:\\\/\\\/piastrellerinaldi.it\\\/negozio\\\/riscaldamento\\\/stufe\\\/a-pellet\\\/edilkamin-stufe-caminetti-innovativi\\\/edilkamin-nara2-plus-up\\\/\",\"name\":\"EDILKAMIN Nara2 Up - Rinaldi significa CASA, sempre con la stessa passione da tre generazioni\",\"isPartOf\":{\"@id\":\"https:\\\/\\\/piastrellerinaldi.it\\\/#website\"},\"primaryImageOfPage\":{\"@id\":\"https:\\\/\\\/piastrellerinaldi.it\\\/negozio\\\/riscaldamento\\\/stufe\\\/a-pellet\\\/edilkamin-stufe-caminetti-innovativi\\\/edilkamin-nara2-plus-up\\\/#primaryimage\"},\"image\":{\"@id\":\"https:\\\/\\\/piastrellerinaldi.it\\\/negozio\\\/riscaldamento\\\/stufe\\\/a-pellet\\\/edilkamin-stufe-caminetti-innovativi\\\/edilkamin-nara2-plus-up\\\/#primaryimage\"},\"thumbnailUrl\":\"https:\\\/\\\/piastrellerinaldi.it\\\/wp-content\\\/uploads\\\/2022\\\/04\\\/EDILKAMIN-Nara2-Up-1-2.jpg\",\"datePublished\":\"2022-04-08T07:17:08+00:00\",\"dateModified\":\"2026-03-16T15:03:09+00:00\",\"breadcrumb\":{\"@id\":\"https:\\\/\\\/piastrellerinaldi.it\\\/negozio\\\/riscaldamento\\\/stufe\\\/a-pellet\\\/edilkamin-stufe-caminetti-innovativi\\\/edilkamin-nara2-plus-up\\\/#breadcrumb\"},\"inLanguage\":\"en-GB\",\"potentialAction\":[{\"@type\":\"ReadAction\",\"target\":[\"https:\\\/\\\/piastrellerinaldi.it\\\/negozio\\\/riscaldamento\\\/stufe\\\/a-pellet\\\/edilkamin-stufe-caminetti-innovativi\\\/edilkamin-nara2-plus-up\\\/\"]}]},{\"@type\":\"ImageObject\",\"inLanguage\":\"en-GB\",\"@id\":\"https:\\\/\\\/piastrellerinaldi.it\\\/negozio\\\/riscaldamento\\\/stufe\\\/a-pellet\\\/edilkamin-stufe-caminetti-innovativi\\\/edilkamin-nara2-plus-up\\\/#primaryimage\",\"url\":\"https:\\\/\\\/piastrellerinaldi.it\\\/wp-content\\\/uploads\\\/2022\\\/04\\\/EDILKAMIN-Nara2-Up-1-2.jpg\",\"contentUrl\":\"https:\\\/\\\/piastrellerinaldi.it\\\/wp-content\\\/uploads\\\/2022\\\/04\\\/EDILKAMIN-Nara2-Up-1-2.jpg\",\"width\":1080,\"height\":1080},{\"@type\":\"BreadcrumbList\",\"@id\":\"https:\\\/\\\/piastrellerinaldi.it\\\/negozio\\\/riscaldamento\\\/stufe\\\/a-pellet\\\/edilkamin-stufe-caminetti-innovativi\\\/edilkamin-nara2-plus-up\\\/#breadcrumb\",\"itemListElement\":[{\"@type\":\"ListItem\",\"position\":1,\"name\":\"HOME\",\"item\":\"https:\\\/\\\/piastrellerinaldi.it\\\/\"},{\"@type\":\"ListItem\",\"position\":2,\"name\":\"PRODOTTI ON-LINE\",\"item\":\"https:\\\/\\\/piastrellerinaldi.it\\\/negozio\\\/\"},{\"@type\":\"ListItem\",\"position\":3,\"name\":\"RISCALDAMENTO\",\"item\":\"https:\\\/\\\/piastrellerinaldi.it\\\/categoria-prodotto\\\/riscaldamento\\\/\"},{\"@type\":\"ListItem\",\"position\":4,\"name\":\"STUFE\",\"item\":\"https:\\\/\\\/piastrellerinaldi.it\\\/categoria-prodotto\\\/riscaldamento\\\/stufe\\\/\"},{\"@type\":\"ListItem\",\"position\":5,\"name\":\"A PELLET\",\"item\":\"https:\\\/\\\/piastrellerinaldi.it\\\/categoria-prodotto\\\/riscaldamento\\\/stufe\\\/a-pellet\\\/\"},{\"@type\":\"ListItem\",\"position\":6,\"name\":\"EDILKAMIN Nara2 Up\"}]},{\"@type\":\"WebSite\",\"@id\":\"https:\\\/\\\/piastrellerinaldi.it\\\/#website\",\"url\":\"https:\\\/\\\/piastrellerinaldi.it\\\/\",\"name\":\"Rinaldi significa CASA, sempre con la stessa passione da tre generazioni\",\"description\":\"Pavimenti e rivestimenti | Arredo bagno | Riscaldamento | Porte | Negozio online | Consegna gratuita in Italia | Consulenza | Progettazione\",\"publisher\":{\"@id\":\"https:\\\/\\\/piastrellerinaldi.it\\\/#organization\"},\"potentialAction\":[{\"@type\":\"SearchAction\",\"target\":{\"@type\":\"EntryPoint\",\"urlTemplate\":\"https:\\\/\\\/piastrellerinaldi.it\\\/?s={search_term_string}\"},\"query-input\":{\"@type\":\"PropertyValueSpecification\",\"valueRequired\":true,\"valueName\":\"search_term_string\"}}],\"inLanguage\":\"en-GB\"},{\"@type\":\"Organization\",\"@id\":\"https:\\\/\\\/piastrellerinaldi.it\\\/#organization\",\"name\":\"Rinaldi S.r.l.\",\"url\":\"https:\\\/\\\/piastrellerinaldi.it\\\/\",\"logo\":{\"@type\":\"ImageObject\",\"inLanguage\":\"en-GB\",\"@id\":\"https:\\\/\\\/piastrellerinaldi.it\\\/#\\\/schema\\\/logo\\\/image\\\/\",\"url\":\"https:\\\/\\\/piastrellerinaldi.it\\\/wp-content\\\/uploads\\\/2021\\\/01\\\/Rinaldi_Piastrelle-Logo-01.svg\",\"contentUrl\":\"https:\\\/\\\/piastrellerinaldi.it\\\/wp-content\\\/uploads\\\/2021\\\/01\\\/Rinaldi_Piastrelle-Logo-01.svg\",\"width\":1,\"height\":1,\"caption\":\"Rinaldi S.r.l.\"},\"image\":{\"@id\":\"https:\\\/\\\/piastrellerinaldi.it\\\/#\\\/schema\\\/logo\\\/image\\\/\"},\"sameAs\":[\"https:\\\/\\\/www.facebook.com\\\/piastrellerinaldi\\\/\",\"https:\\\/\\\/www.instagram.com\\\/piastrelle_rinaldi\\\/\"]}]}<\/script>\n<!-- \/ Yoast SEO plugin. -->","yoast_head_json":{"title":"EDILKAMIN Nara2 Up - Rinaldi significa CASA, sempre con la stessa passione da tre generazioni","robots":{"index":"index","follow":"follow","max-snippet":"max-snippet:-1","max-image-preview":"max-image-preview:large","max-video-preview":"max-video-preview:-1"},"canonical":"https:\/\/piastrellerinaldi.it\/en\/shop\/heating\/stoves\/a-pellet\/edilkamin-stufe-caminetti-innovativi\/edilkamin-nara2-plus-up\/","og_locale":"en_GB","og_type":"article","og_title":"EDILKAMIN Nara2 Up - Rinaldi significa CASA, sempre con la stessa passione da tre generazioni","og_url":"https:\/\/piastrellerinaldi.it\/en\/shop\/heating\/stoves\/a-pellet\/edilkamin-stufe-caminetti-innovativi\/edilkamin-nara2-plus-up\/","og_site_name":"Rinaldi significa CASA, sempre con la stessa passione da tre generazioni","article_publisher":"https:\/\/www.facebook.com\/piastrellerinaldi\/","article_modified_time":"2026-03-16T15:03:09+00:00","og_image":[{"width":1080,"height":1080,"url":"https:\/\/piastrellerinaldi.it\/wp-content\/uploads\/2022\/04\/EDILKAMIN-Nara2-Up-1-2.jpg","type":"image\/jpeg"}],"twitter_card":"summary_large_image","schema":{"@context":"https:\/\/schema.org","@graph":[{"@type":"WebPage","@id":"https:\/\/piastrellerinaldi.it\/negozio\/riscaldamento\/stufe\/a-pellet\/edilkamin-stufe-caminetti-innovativi\/edilkamin-nara2-plus-up\/","url":"https:\/\/piastrellerinaldi.it\/negozio\/riscaldamento\/stufe\/a-pellet\/edilkamin-stufe-caminetti-innovativi\/edilkamin-nara2-plus-up\/","name":"EDILKAMIN Nara2 Up - Rinaldi significa CASA, sempre con la stessa passione da tre generazioni","isPartOf":{"@id":"https:\/\/piastrellerinaldi.it\/#website"},"primaryImageOfPage":{"@id":"https:\/\/piastrellerinaldi.it\/negozio\/riscaldamento\/stufe\/a-pellet\/edilkamin-stufe-caminetti-innovativi\/edilkamin-nara2-plus-up\/#primaryimage"},"image":{"@id":"https:\/\/piastrellerinaldi.it\/negozio\/riscaldamento\/stufe\/a-pellet\/edilkamin-stufe-caminetti-innovativi\/edilkamin-nara2-plus-up\/#primaryimage"},"thumbnailUrl":"https:\/\/piastrellerinaldi.it\/wp-content\/uploads\/2022\/04\/EDILKAMIN-Nara2-Up-1-2.jpg","datePublished":"2022-04-08T07:17:08+00:00","dateModified":"2026-03-16T15:03:09+00:00","breadcrumb":{"@id":"https:\/\/piastrellerinaldi.it\/negozio\/riscaldamento\/stufe\/a-pellet\/edilkamin-stufe-caminetti-innovativi\/edilkamin-nara2-plus-up\/#breadcrumb"},"inLanguage":"en-GB","potentialAction":[{"@type":"ReadAction","target":["https:\/\/piastrellerinaldi.it\/negozio\/riscaldamento\/stufe\/a-pellet\/edilkamin-stufe-caminetti-innovativi\/edilkamin-nara2-plus-up\/"]}]},{"@type":"ImageObject","inLanguage":"en-GB","@id":"https:\/\/piastrellerinaldi.it\/negozio\/riscaldamento\/stufe\/a-pellet\/edilkamin-stufe-caminetti-innovativi\/edilkamin-nara2-plus-up\/#primaryimage","url":"https:\/\/piastrellerinaldi.it\/wp-content\/uploads\/2022\/04\/EDILKAMIN-Nara2-Up-1-2.jpg","contentUrl":"https:\/\/piastrellerinaldi.it\/wp-content\/uploads\/2022\/04\/EDILKAMIN-Nara2-Up-1-2.jpg","width":1080,"height":1080},{"@type":"BreadcrumbList","@id":"https:\/\/piastrellerinaldi.it\/negozio\/riscaldamento\/stufe\/a-pellet\/edilkamin-stufe-caminetti-innovativi\/edilkamin-nara2-plus-up\/#breadcrumb","itemListElement":[{"@type":"ListItem","position":1,"name":"HOME","item":"https:\/\/piastrellerinaldi.it\/"},{"@type":"ListItem","position":2,"name":"PRODOTTI ON-LINE","item":"https:\/\/piastrellerinaldi.it\/negozio\/"},{"@type":"ListItem","position":3,"name":"RISCALDAMENTO","item":"https:\/\/piastrellerinaldi.it\/categoria-prodotto\/riscaldamento\/"},{"@type":"ListItem","position":4,"name":"STUFE","item":"https:\/\/piastrellerinaldi.it\/categoria-prodotto\/riscaldamento\/stufe\/"},{"@type":"ListItem","position":5,"name":"A PELLET","item":"https:\/\/piastrellerinaldi.it\/categoria-prodotto\/riscaldamento\/stufe\/a-pellet\/"},{"@type":"ListItem","position":6,"name":"EDILKAMIN Nara2 Up"}]},{"@type":"WebSite","@id":"https:\/\/piastrellerinaldi.it\/#website","url":"https:\/\/piastrellerinaldi.it\/","name":"Rinaldi means HOME, always with the same passion for three generations","description":"Flooring and wall tiles | Bathroom furniture | Heating | Doors | Online shop | Free delivery in Italy | Consultancy | Design","publisher":{"@id":"https:\/\/piastrellerinaldi.it\/#organization"},"potentialAction":[{"@type":"SearchAction","target":{"@type":"EntryPoint","urlTemplate":"https:\/\/piastrellerinaldi.it\/?s={search_term_string}"},"query-input":{"@type":"PropertyValueSpecification","valueRequired":true,"valueName":"search_term_string"}}],"inLanguage":"en-GB"},{"@type":"Organization","@id":"https:\/\/piastrellerinaldi.it\/#organization","name":"Rinaldi S.r.l.","url":"https:\/\/piastrellerinaldi.it\/","logo":{"@type":"ImageObject","inLanguage":"en-GB","@id":"https:\/\/piastrellerinaldi.it\/#\/schema\/logo\/image\/","url":"https:\/\/piastrellerinaldi.it\/wp-content\/uploads\/2021\/01\/Rinaldi_Piastrelle-Logo-01.svg","contentUrl":"https:\/\/piastrellerinaldi.it\/wp-content\/uploads\/2021\/01\/Rinaldi_Piastrelle-Logo-01.svg","width":1,"height":1,"caption":"Rinaldi S.r.l."},"image":{"@id":"https:\/\/piastrellerinaldi.it\/#\/schema\/logo\/image\/"},"sameAs":["https:\/\/www.facebook.com\/piastrellerinaldi\/","https:\/\/www.instagram.com\/piastrelle_rinaldi\/"]}]}},"_links":{"self":[{"href":"https:\/\/piastrellerinaldi.it\/en\/wp-json\/wp\/v2\/product\/56700","targetHints":{"allow":["GET"]}}],"collection":[{"href":"https:\/\/piastrellerinaldi.it\/en\/wp-json\/wp\/v2\/product"}],"about":[{"href":"https:\/\/piastrellerinaldi.it\/en\/wp-json\/wp\/v2\/types\/product"}],"wp:featuredmedia":[{"embeddable":true,"href":"https:\/\/piastrellerinaldi.it\/en\/wp-json\/wp\/v2\/media\/74794"}],"wp:attachment":[{"href":"https:\/\/piastrellerinaldi.it\/en\/wp-json\/wp\/v2\/media?parent=56700"}],"wp:term":[{"taxonomy":"product_brand","embeddable":true,"href":"https:\/\/piastrellerinaldi.it\/en\/wp-json\/wp\/v2\/product_brand?post=56700"},{"taxonomy":"product_cat","embeddable":true,"href":"https:\/\/piastrellerinaldi.it\/en\/wp-json\/wp\/v2\/product_cat?post=56700"},{"taxonomy":"product_tag","embeddable":true,"href":"https:\/\/piastrellerinaldi.it\/en\/wp-json\/wp\/v2\/product_tag?post=56700"},{"taxonomy":"etichette","embeddable":true,"href":"https:\/\/piastrellerinaldi.it\/en\/wp-json\/wp\/v2\/etichette?post=56700"},{"taxonomy":"colore_portfolio_e_prodotti","embeddable":true,"href":"https:\/\/piastrellerinaldi.it\/en\/wp-json\/wp\/v2\/colore_portfolio_e_prodotti?post=56700"},{"taxonomy":"formato","embeddable":true,"href":"https:\/\/piastrellerinaldi.it\/en\/wp-json\/wp\/v2\/formato?post=56700"},{"taxonomy":"fascia_prezzo","embeddable":true,"href":"https:\/\/piastrellerinaldi.it\/en\/wp-json\/wp\/v2\/fascia_prezzo?post=56700"},{"taxonomy":"ynn-marchi","embeddable":true,"href":"https:\/\/piastrellerinaldi.it\/en\/wp-json\/wp\/v2\/ynn-marchi?post=56700"},{"taxonomy":"ynn_slider_homepage","embeddable":true,"href":"https:\/\/piastrellerinaldi.it\/en\/wp-json\/wp\/v2\/ynn_slider_homepage?post=56700"},{"taxonomy":"prod-effetti","embeddable":true,"href":"https:\/\/piastrellerinaldi.it\/en\/wp-json\/wp\/v2\/prod-effetti?post=56700"},{"taxonomy":"ynn-tempi-consegne","embeddable":true,"href":"https:\/\/piastrellerinaldi.it\/en\/wp-json\/wp\/v2\/ynn-tempi-consegne?post=56700"},{"taxonomy":"woo-feed-brand","embeddable":true,"href":"https:\/\/piastrellerinaldi.it\/en\/wp-json\/wp\/v2\/woo-feed-brand?post=56700"}],"curies":[{"name":"wp","href":"https:\/\/api.w.org\/{rel}","templated":true}]}}