{"id":52881,"date":"2021-03-09T16:11:19","date_gmt":"2021-03-09T14:11:19","guid":{"rendered":"http:\/\/rinaldi.ynnesti.com\/prodotto\/import-placeholder-for-47660"},"modified":"2026-03-16T19:38:50","modified_gmt":"2026-03-16T17:38:50","slug":"geberit-60-piatto-doccia-in-ceramica-120x70","status":"publish","type":"product","link":"https:\/\/piastrellerinaldi.it\/en\/shop\/bathroom-furniture\/shower-trays-bathroom-furniture\/ceramica\/geberit-soluzioni-bagno-sistemi-idrosanitari-innovativi\/geberit-60-piatto-doccia-in-ceramica-120x70\/","title":{"rendered":"GEBERIT 60 piatto doccia in ceramica 120&#215;70"},"content":{"rendered":"<section class=\"l-section wpb_row height_small width_full\"><div class=\"l-section-h i-cf\"><div class=\"g-cols vc_row via_flex valign_top type_default stacking_default\"><div class=\"vc_col-sm-12 wpb_column vc_column_container\"><div class=\"vc_column-inner\"><div class=\"wpb_wrapper\"><div class=\"w-tabs style_default switch_click accordion type_togglable has_scrolling\" style=\"--sections-title-size:inherit\"><div class=\"w-tabs-sections titles-align_none icon_triangle cpos_right\"><div class=\"w-tabs-section active\" id=\"p9d9\" style=\"background:#cfc4bc;\"><button class=\"w-tabs-section-header active\" aria-controls=\"content-p9d9\" aria-expanded=\"true\"><div class=\"w-tabs-section-title\"><b>Features<\/b><\/div><div class=\"w-tabs-section-control\"><\/div><\/button><div  class=\"w-tabs-section-content us_custom_057801f8\" id=\"content-p9d9\"><div class=\"w-tabs-section-content-h i-cf\"><div class=\"wpb_text_column\"><div class=\"wpb_wrapper\"><div class=\"grid-container\">\n<div class=\"c-text-image\">\n<div class=\"c-text-image--wrapper\">\n<div class=\"c-text-image--text-full\">\n<div class=\"c-text-image__text\">\n<div class=\"grid-container\">\n<div class=\"c-text-image\">\n<div class=\"c-text-image--wrapper\">\n<div class=\"c-text-image--text-full\">\n<div class=\"c-text-image__text\">\n<div class=\"grid-container\">\n<div class=\"c-text-image\">\n<div class=\"c-text-image--wrapper\">\n<div class=\"c-text-image--text-full\">\n<div class=\"c-text-image__text\">\n<p><strong><span class=\"product\">Technical characteristics:\u00a0<\/span><\/strong>Rettangolare, Foro di scarico \u00f8 90 mm, Scarico posteriore al centro, Superficie antiscivolo<\/p>\n<p><strong>Misure:<\/strong> 120\u00d770<\/p>\n<p><strong>Comprensivo di: <\/strong>Sifone doccia GEBERIT \u00f8 90 mm con tappo per piletta<\/p>\n<\/div>\n<\/div>\n<\/div>\n<\/div>\n<\/div>\n<\/div>\n<\/div>\n<\/div>\n<\/div>\n<\/div>\n<\/div>\n<\/div>\n<\/div>\n<\/div>\n<\/div>\n<\/div><\/div><\/div><\/div><\/div><div class=\"w-tabs-section\" id=\"gaf0\" style=\"background:#cfc4bc;\"><button class=\"w-tabs-section-header\" aria-controls=\"content-gaf0\" aria-expanded=\"false\"><div class=\"w-tabs-section-title\"><b>Data Sheets<\/b><\/div><div class=\"w-tabs-section-control\"><\/div><\/button><div  class=\"w-tabs-section-content us_custom_057801f8\" id=\"content-gaf0\"><div class=\"w-tabs-section-content-h i-cf\"><div class=\"wpb_text_column\"><div class=\"wpb_wrapper\"><p><span style=\"color: #4c4c4c;\"><strong><a style=\"color: #4c4c4c;\" href=\"https:\/\/piastrellerinaldi.it\/wp-content\/uploads\/2021\/03\/Scheda-dati-Piatto-doccia-rettangolare-Geberit-tipo-60.pdf\" target=\"_blank\" rel=\"noopener\">Scheda dati Piatto doccia rettangolare Geberit tipo 60<\/a><\/strong><\/span><\/p>\n<\/div><\/div><\/div><\/div><\/div><div class=\"w-tabs-section\" id=\"mc31\" style=\"background:#cfc4bc;\"><button class=\"w-tabs-section-header\" aria-controls=\"content-mc31\" aria-expanded=\"false\"><div class=\"w-tabs-section-title\"><b>Product presentation<\/b><\/div><div class=\"w-tabs-section-control\"><\/div><\/button><div  class=\"w-tabs-section-content us_custom_057801f8\" id=\"content-mc31\"><div class=\"w-tabs-section-content-h i-cf\"><div class=\"wpb_text_column\"><div class=\"wpb_wrapper\"><p>Classico senza tempo. Semplicit\u00e0 formale e funzionalit\u00e0.<\/p>\n<p>Piatto doccia in ceramica con superficie antiscivolo. Foro di scarico per piletta da 90 mm. Installazione sopra il pavimento.<\/p>\n<\/div><\/div><\/div><\/div><\/div><\/div><\/div><\/div><\/div><\/div><\/div><\/div><\/section>","protected":false},"excerpt":{"rendered":"Caratteristiche Caratteristiche tecniche:\u00a0Rettangolare, Foro di scarico \u00f8 90 mm, Scarico posteriore al centro, Superficie antiscivolo Misure: 120\u00d770 Comprensivo di: Sifone doccia GEBERIT \u00f8 90 mm con tappo per piletta Schede tecnicheScheda dati Piatto doccia rettangolare Geberit tipo 60 Presentazione del prodottoClassico senza tempo. Semplicit\u00e0 formale e funzionalit\u00e0. Piatto doccia in ceramica con superficie antiscivolo. Foro...","protected":false},"featured_media":75287,"template":"","meta":{"_acf_changed":false},"product_brand":[],"product_cat":[55,1779,188],"product_tag":[],"etichette":[832,256],"colore_portfolio_e_prodotti":[893],"formato":[882],"fascia_prezzo":[980],"ynn-marchi":[3153],"ynn_slider_homepage":[],"prod-effetti":[],"ynn-tempi-consegne":[3514],"woo-feed-brand":[],"class_list":{"0":"post-52881","1":"product","2":"type-product","3":"status-publish","4":"has-post-thumbnail","6":"product_cat-arredo-bagno","7":"product_cat-ceramica","8":"product_cat-piatti-doccia-arredo-bagno","9":"product_shipping_class-piatti-doccia-fino-a-140cm","10":"etichette-promo","11":"etichette-pronta-consegna","12":"colore_portfolio_e_prodotti-bianco","13":"formato-70x120","14":"fascia_prezzo-20000-e-49999-e","15":"ynn-marchi-geberit-soluzioni-bagno-sistemi-idrosanitari-innovativi","16":"ynn-tempi-consegne-3514","18":"first","19":"instock","20":"sale","21":"taxable","22":"shipping-taxable","23":"purchasable","24":"product-type-variable","25":"has-default-attributes"},"acf":[],"yoast_head":"<!-- This site is optimized with the Yoast SEO plugin v27.3 - https:\/\/yoast.com\/product\/yoast-seo-wordpress\/ -->\n<title>GEBERIT 60 piatto doccia in ceramica 120x70 - Rinaldi significa CASA, sempre con la stessa passione da tre generazioni<\/title>\n<meta name=\"robots\" content=\"index, follow, max-snippet:-1, max-image-preview:large, max-video-preview:-1\" \/>\n<link rel=\"canonical\" href=\"https:\/\/piastrellerinaldi.it\/en\/shop\/bathroom-furniture\/shower-trays-bathroom-furniture\/ceramica\/geberit-soluzioni-bagno-sistemi-idrosanitari-innovativi\/geberit-60-piatto-doccia-in-ceramica-120x70\/\" \/>\n<meta property=\"og:locale\" content=\"en_GB\" \/>\n<meta property=\"og:type\" content=\"article\" \/>\n<meta property=\"og:title\" content=\"GEBERIT 60 piatto doccia in ceramica 120x70 - Rinaldi significa CASA, sempre con la stessa passione da tre generazioni\" \/>\n<meta property=\"og:url\" content=\"https:\/\/piastrellerinaldi.it\/en\/shop\/bathroom-furniture\/shower-trays-bathroom-furniture\/ceramica\/geberit-soluzioni-bagno-sistemi-idrosanitari-innovativi\/geberit-60-piatto-doccia-in-ceramica-120x70\/\" \/>\n<meta property=\"og:site_name\" content=\"Rinaldi significa CASA, sempre con la stessa passione da tre generazioni\" \/>\n<meta property=\"article:publisher\" content=\"https:\/\/www.facebook.com\/piastrellerinaldi\/\" \/>\n<meta property=\"article:modified_time\" content=\"2026-03-16T17:38:50+00:00\" \/>\n<meta property=\"og:image\" content=\"https:\/\/piastrellerinaldi.it\/wp-content\/uploads\/2021\/03\/GEBERIT-60-piatto-doccia-in-ceramica-120\u00d770-1.jpg\" \/>\n\t<meta property=\"og:image:width\" content=\"1080\" \/>\n\t<meta property=\"og:image:height\" content=\"1080\" \/>\n\t<meta property=\"og:image:type\" content=\"image\/jpeg\" \/>\n<meta name=\"twitter:card\" content=\"summary_large_image\" \/>\n<script type=\"application\/ld+json\" class=\"yoast-schema-graph\">{\"@context\":\"https:\\\/\\\/schema.org\",\"@graph\":[{\"@type\":\"WebPage\",\"@id\":\"https:\\\/\\\/piastrellerinaldi.it\\\/negozio\\\/arredo-bagno\\\/piatti-doccia-arredo-bagno\\\/ceramica\\\/geberit-soluzioni-bagno-sistemi-idrosanitari-innovativi\\\/geberit-60-piatto-doccia-in-ceramica-120x70\\\/\",\"url\":\"https:\\\/\\\/piastrellerinaldi.it\\\/negozio\\\/arredo-bagno\\\/piatti-doccia-arredo-bagno\\\/ceramica\\\/geberit-soluzioni-bagno-sistemi-idrosanitari-innovativi\\\/geberit-60-piatto-doccia-in-ceramica-120x70\\\/\",\"name\":\"GEBERIT 60 piatto doccia in ceramica 120x70 - Rinaldi significa CASA, sempre con la stessa passione da tre generazioni\",\"isPartOf\":{\"@id\":\"https:\\\/\\\/piastrellerinaldi.it\\\/#website\"},\"primaryImageOfPage\":{\"@id\":\"https:\\\/\\\/piastrellerinaldi.it\\\/negozio\\\/arredo-bagno\\\/piatti-doccia-arredo-bagno\\\/ceramica\\\/geberit-soluzioni-bagno-sistemi-idrosanitari-innovativi\\\/geberit-60-piatto-doccia-in-ceramica-120x70\\\/#primaryimage\"},\"image\":{\"@id\":\"https:\\\/\\\/piastrellerinaldi.it\\\/negozio\\\/arredo-bagno\\\/piatti-doccia-arredo-bagno\\\/ceramica\\\/geberit-soluzioni-bagno-sistemi-idrosanitari-innovativi\\\/geberit-60-piatto-doccia-in-ceramica-120x70\\\/#primaryimage\"},\"thumbnailUrl\":\"https:\\\/\\\/piastrellerinaldi.it\\\/wp-content\\\/uploads\\\/2021\\\/03\\\/GEBERIT-60-piatto-doccia-in-ceramica-120\u00d770-1.jpg\",\"datePublished\":\"2021-03-09T14:11:19+00:00\",\"dateModified\":\"2026-03-16T17:38:50+00:00\",\"breadcrumb\":{\"@id\":\"https:\\\/\\\/piastrellerinaldi.it\\\/negozio\\\/arredo-bagno\\\/piatti-doccia-arredo-bagno\\\/ceramica\\\/geberit-soluzioni-bagno-sistemi-idrosanitari-innovativi\\\/geberit-60-piatto-doccia-in-ceramica-120x70\\\/#breadcrumb\"},\"inLanguage\":\"en-GB\",\"potentialAction\":[{\"@type\":\"ReadAction\",\"target\":[\"https:\\\/\\\/piastrellerinaldi.it\\\/negozio\\\/arredo-bagno\\\/piatti-doccia-arredo-bagno\\\/ceramica\\\/geberit-soluzioni-bagno-sistemi-idrosanitari-innovativi\\\/geberit-60-piatto-doccia-in-ceramica-120x70\\\/\"]}]},{\"@type\":\"ImageObject\",\"inLanguage\":\"en-GB\",\"@id\":\"https:\\\/\\\/piastrellerinaldi.it\\\/negozio\\\/arredo-bagno\\\/piatti-doccia-arredo-bagno\\\/ceramica\\\/geberit-soluzioni-bagno-sistemi-idrosanitari-innovativi\\\/geberit-60-piatto-doccia-in-ceramica-120x70\\\/#primaryimage\",\"url\":\"https:\\\/\\\/piastrellerinaldi.it\\\/wp-content\\\/uploads\\\/2021\\\/03\\\/GEBERIT-60-piatto-doccia-in-ceramica-120\u00d770-1.jpg\",\"contentUrl\":\"https:\\\/\\\/piastrellerinaldi.it\\\/wp-content\\\/uploads\\\/2021\\\/03\\\/GEBERIT-60-piatto-doccia-in-ceramica-120\u00d770-1.jpg\",\"width\":1080,\"height\":1080},{\"@type\":\"BreadcrumbList\",\"@id\":\"https:\\\/\\\/piastrellerinaldi.it\\\/negozio\\\/arredo-bagno\\\/piatti-doccia-arredo-bagno\\\/ceramica\\\/geberit-soluzioni-bagno-sistemi-idrosanitari-innovativi\\\/geberit-60-piatto-doccia-in-ceramica-120x70\\\/#breadcrumb\",\"itemListElement\":[{\"@type\":\"ListItem\",\"position\":1,\"name\":\"HOME\",\"item\":\"https:\\\/\\\/piastrellerinaldi.it\\\/\"},{\"@type\":\"ListItem\",\"position\":2,\"name\":\"PRODOTTI ON-LINE\",\"item\":\"https:\\\/\\\/piastrellerinaldi.it\\\/negozio\\\/\"},{\"@type\":\"ListItem\",\"position\":3,\"name\":\"ARREDO BAGNO\",\"item\":\"https:\\\/\\\/piastrellerinaldi.it\\\/categoria-prodotto\\\/arredo-bagno\\\/\"},{\"@type\":\"ListItem\",\"position\":4,\"name\":\"PIATTI DOCCIA\",\"item\":\"https:\\\/\\\/piastrellerinaldi.it\\\/categoria-prodotto\\\/arredo-bagno\\\/piatti-doccia-arredo-bagno\\\/\"},{\"@type\":\"ListItem\",\"position\":5,\"name\":\"IN CERAMICA\",\"item\":\"https:\\\/\\\/piastrellerinaldi.it\\\/categoria-prodotto\\\/arredo-bagno\\\/piatti-doccia-arredo-bagno\\\/ceramica\\\/\"},{\"@type\":\"ListItem\",\"position\":6,\"name\":\"GEBERIT 60 piatto doccia in ceramica 120&#215;70\"}]},{\"@type\":\"WebSite\",\"@id\":\"https:\\\/\\\/piastrellerinaldi.it\\\/#website\",\"url\":\"https:\\\/\\\/piastrellerinaldi.it\\\/\",\"name\":\"Rinaldi significa CASA, sempre con la stessa passione da tre generazioni\",\"description\":\"Pavimenti e rivestimenti | Arredo bagno | Riscaldamento | Porte | Negozio online | Consegna gratuita in Italia | Consulenza | Progettazione\",\"publisher\":{\"@id\":\"https:\\\/\\\/piastrellerinaldi.it\\\/#organization\"},\"potentialAction\":[{\"@type\":\"SearchAction\",\"target\":{\"@type\":\"EntryPoint\",\"urlTemplate\":\"https:\\\/\\\/piastrellerinaldi.it\\\/?s={search_term_string}\"},\"query-input\":{\"@type\":\"PropertyValueSpecification\",\"valueRequired\":true,\"valueName\":\"search_term_string\"}}],\"inLanguage\":\"en-GB\"},{\"@type\":\"Organization\",\"@id\":\"https:\\\/\\\/piastrellerinaldi.it\\\/#organization\",\"name\":\"Rinaldi S.r.l.\",\"url\":\"https:\\\/\\\/piastrellerinaldi.it\\\/\",\"logo\":{\"@type\":\"ImageObject\",\"inLanguage\":\"en-GB\",\"@id\":\"https:\\\/\\\/piastrellerinaldi.it\\\/#\\\/schema\\\/logo\\\/image\\\/\",\"url\":\"https:\\\/\\\/piastrellerinaldi.it\\\/wp-content\\\/uploads\\\/2021\\\/01\\\/Rinaldi_Piastrelle-Logo-01.svg\",\"contentUrl\":\"https:\\\/\\\/piastrellerinaldi.it\\\/wp-content\\\/uploads\\\/2021\\\/01\\\/Rinaldi_Piastrelle-Logo-01.svg\",\"width\":1,\"height\":1,\"caption\":\"Rinaldi S.r.l.\"},\"image\":{\"@id\":\"https:\\\/\\\/piastrellerinaldi.it\\\/#\\\/schema\\\/logo\\\/image\\\/\"},\"sameAs\":[\"https:\\\/\\\/www.facebook.com\\\/piastrellerinaldi\\\/\",\"https:\\\/\\\/www.instagram.com\\\/piastrelle_rinaldi\\\/\"]}]}<\/script>\n<!-- \/ Yoast SEO plugin. -->","yoast_head_json":{"title":"GEBERIT 60 piatto doccia in ceramica 120x70 - Rinaldi significa CASA, sempre con la stessa passione da tre generazioni","robots":{"index":"index","follow":"follow","max-snippet":"max-snippet:-1","max-image-preview":"max-image-preview:large","max-video-preview":"max-video-preview:-1"},"canonical":"https:\/\/piastrellerinaldi.it\/en\/shop\/bathroom-furniture\/shower-trays-bathroom-furniture\/ceramica\/geberit-soluzioni-bagno-sistemi-idrosanitari-innovativi\/geberit-60-piatto-doccia-in-ceramica-120x70\/","og_locale":"en_GB","og_type":"article","og_title":"GEBERIT 60 piatto doccia in ceramica 120x70 - Rinaldi significa CASA, sempre con la stessa passione da tre generazioni","og_url":"https:\/\/piastrellerinaldi.it\/en\/shop\/bathroom-furniture\/shower-trays-bathroom-furniture\/ceramica\/geberit-soluzioni-bagno-sistemi-idrosanitari-innovativi\/geberit-60-piatto-doccia-in-ceramica-120x70\/","og_site_name":"Rinaldi significa CASA, sempre con la stessa passione da tre generazioni","article_publisher":"https:\/\/www.facebook.com\/piastrellerinaldi\/","article_modified_time":"2026-03-16T17:38:50+00:00","og_image":[{"width":1080,"height":1080,"url":"https:\/\/piastrellerinaldi.it\/wp-content\/uploads\/2021\/03\/GEBERIT-60-piatto-doccia-in-ceramica-120\u00d770-1.jpg","type":"image\/jpeg"}],"twitter_card":"summary_large_image","schema":{"@context":"https:\/\/schema.org","@graph":[{"@type":"WebPage","@id":"https:\/\/piastrellerinaldi.it\/negozio\/arredo-bagno\/piatti-doccia-arredo-bagno\/ceramica\/geberit-soluzioni-bagno-sistemi-idrosanitari-innovativi\/geberit-60-piatto-doccia-in-ceramica-120x70\/","url":"https:\/\/piastrellerinaldi.it\/negozio\/arredo-bagno\/piatti-doccia-arredo-bagno\/ceramica\/geberit-soluzioni-bagno-sistemi-idrosanitari-innovativi\/geberit-60-piatto-doccia-in-ceramica-120x70\/","name":"GEBERIT 60 piatto doccia in ceramica 120x70 - Rinaldi significa CASA, sempre con la stessa passione da tre generazioni","isPartOf":{"@id":"https:\/\/piastrellerinaldi.it\/#website"},"primaryImageOfPage":{"@id":"https:\/\/piastrellerinaldi.it\/negozio\/arredo-bagno\/piatti-doccia-arredo-bagno\/ceramica\/geberit-soluzioni-bagno-sistemi-idrosanitari-innovativi\/geberit-60-piatto-doccia-in-ceramica-120x70\/#primaryimage"},"image":{"@id":"https:\/\/piastrellerinaldi.it\/negozio\/arredo-bagno\/piatti-doccia-arredo-bagno\/ceramica\/geberit-soluzioni-bagno-sistemi-idrosanitari-innovativi\/geberit-60-piatto-doccia-in-ceramica-120x70\/#primaryimage"},"thumbnailUrl":"https:\/\/piastrellerinaldi.it\/wp-content\/uploads\/2021\/03\/GEBERIT-60-piatto-doccia-in-ceramica-120\u00d770-1.jpg","datePublished":"2021-03-09T14:11:19+00:00","dateModified":"2026-03-16T17:38:50+00:00","breadcrumb":{"@id":"https:\/\/piastrellerinaldi.it\/negozio\/arredo-bagno\/piatti-doccia-arredo-bagno\/ceramica\/geberit-soluzioni-bagno-sistemi-idrosanitari-innovativi\/geberit-60-piatto-doccia-in-ceramica-120x70\/#breadcrumb"},"inLanguage":"en-GB","potentialAction":[{"@type":"ReadAction","target":["https:\/\/piastrellerinaldi.it\/negozio\/arredo-bagno\/piatti-doccia-arredo-bagno\/ceramica\/geberit-soluzioni-bagno-sistemi-idrosanitari-innovativi\/geberit-60-piatto-doccia-in-ceramica-120x70\/"]}]},{"@type":"ImageObject","inLanguage":"en-GB","@id":"https:\/\/piastrellerinaldi.it\/negozio\/arredo-bagno\/piatti-doccia-arredo-bagno\/ceramica\/geberit-soluzioni-bagno-sistemi-idrosanitari-innovativi\/geberit-60-piatto-doccia-in-ceramica-120x70\/#primaryimage","url":"https:\/\/piastrellerinaldi.it\/wp-content\/uploads\/2021\/03\/GEBERIT-60-piatto-doccia-in-ceramica-120\u00d770-1.jpg","contentUrl":"https:\/\/piastrellerinaldi.it\/wp-content\/uploads\/2021\/03\/GEBERIT-60-piatto-doccia-in-ceramica-120\u00d770-1.jpg","width":1080,"height":1080},{"@type":"BreadcrumbList","@id":"https:\/\/piastrellerinaldi.it\/negozio\/arredo-bagno\/piatti-doccia-arredo-bagno\/ceramica\/geberit-soluzioni-bagno-sistemi-idrosanitari-innovativi\/geberit-60-piatto-doccia-in-ceramica-120x70\/#breadcrumb","itemListElement":[{"@type":"ListItem","position":1,"name":"HOME","item":"https:\/\/piastrellerinaldi.it\/"},{"@type":"ListItem","position":2,"name":"PRODOTTI ON-LINE","item":"https:\/\/piastrellerinaldi.it\/negozio\/"},{"@type":"ListItem","position":3,"name":"ARREDO BAGNO","item":"https:\/\/piastrellerinaldi.it\/categoria-prodotto\/arredo-bagno\/"},{"@type":"ListItem","position":4,"name":"PIATTI DOCCIA","item":"https:\/\/piastrellerinaldi.it\/categoria-prodotto\/arredo-bagno\/piatti-doccia-arredo-bagno\/"},{"@type":"ListItem","position":5,"name":"IN CERAMICA","item":"https:\/\/piastrellerinaldi.it\/categoria-prodotto\/arredo-bagno\/piatti-doccia-arredo-bagno\/ceramica\/"},{"@type":"ListItem","position":6,"name":"GEBERIT 60 piatto doccia in ceramica 120&#215;70"}]},{"@type":"WebSite","@id":"https:\/\/piastrellerinaldi.it\/#website","url":"https:\/\/piastrellerinaldi.it\/","name":"Rinaldi means HOME, always with the same passion for three generations","description":"Flooring and wall tiles | Bathroom furniture | Heating | Doors | Online shop | Free delivery in Italy | Consultancy | Design","publisher":{"@id":"https:\/\/piastrellerinaldi.it\/#organization"},"potentialAction":[{"@type":"SearchAction","target":{"@type":"EntryPoint","urlTemplate":"https:\/\/piastrellerinaldi.it\/?s={search_term_string}"},"query-input":{"@type":"PropertyValueSpecification","valueRequired":true,"valueName":"search_term_string"}}],"inLanguage":"en-GB"},{"@type":"Organization","@id":"https:\/\/piastrellerinaldi.it\/#organization","name":"Rinaldi S.r.l.","url":"https:\/\/piastrellerinaldi.it\/","logo":{"@type":"ImageObject","inLanguage":"en-GB","@id":"https:\/\/piastrellerinaldi.it\/#\/schema\/logo\/image\/","url":"https:\/\/piastrellerinaldi.it\/wp-content\/uploads\/2021\/01\/Rinaldi_Piastrelle-Logo-01.svg","contentUrl":"https:\/\/piastrellerinaldi.it\/wp-content\/uploads\/2021\/01\/Rinaldi_Piastrelle-Logo-01.svg","width":1,"height":1,"caption":"Rinaldi S.r.l."},"image":{"@id":"https:\/\/piastrellerinaldi.it\/#\/schema\/logo\/image\/"},"sameAs":["https:\/\/www.facebook.com\/piastrellerinaldi\/","https:\/\/www.instagram.com\/piastrelle_rinaldi\/"]}]}},"_links":{"self":[{"href":"https:\/\/piastrellerinaldi.it\/en\/wp-json\/wp\/v2\/product\/52881","targetHints":{"allow":["GET"]}}],"collection":[{"href":"https:\/\/piastrellerinaldi.it\/en\/wp-json\/wp\/v2\/product"}],"about":[{"href":"https:\/\/piastrellerinaldi.it\/en\/wp-json\/wp\/v2\/types\/product"}],"wp:featuredmedia":[{"embeddable":true,"href":"https:\/\/piastrellerinaldi.it\/en\/wp-json\/wp\/v2\/media\/75287"}],"wp:attachment":[{"href":"https:\/\/piastrellerinaldi.it\/en\/wp-json\/wp\/v2\/media?parent=52881"}],"wp:term":[{"taxonomy":"product_brand","embeddable":true,"href":"https:\/\/piastrellerinaldi.it\/en\/wp-json\/wp\/v2\/product_brand?post=52881"},{"taxonomy":"product_cat","embeddable":true,"href":"https:\/\/piastrellerinaldi.it\/en\/wp-json\/wp\/v2\/product_cat?post=52881"},{"taxonomy":"product_tag","embeddable":true,"href":"https:\/\/piastrellerinaldi.it\/en\/wp-json\/wp\/v2\/product_tag?post=52881"},{"taxonomy":"etichette","embeddable":true,"href":"https:\/\/piastrellerinaldi.it\/en\/wp-json\/wp\/v2\/etichette?post=52881"},{"taxonomy":"colore_portfolio_e_prodotti","embeddable":true,"href":"https:\/\/piastrellerinaldi.it\/en\/wp-json\/wp\/v2\/colore_portfolio_e_prodotti?post=52881"},{"taxonomy":"formato","embeddable":true,"href":"https:\/\/piastrellerinaldi.it\/en\/wp-json\/wp\/v2\/formato?post=52881"},{"taxonomy":"fascia_prezzo","embeddable":true,"href":"https:\/\/piastrellerinaldi.it\/en\/wp-json\/wp\/v2\/fascia_prezzo?post=52881"},{"taxonomy":"ynn-marchi","embeddable":true,"href":"https:\/\/piastrellerinaldi.it\/en\/wp-json\/wp\/v2\/ynn-marchi?post=52881"},{"taxonomy":"ynn_slider_homepage","embeddable":true,"href":"https:\/\/piastrellerinaldi.it\/en\/wp-json\/wp\/v2\/ynn_slider_homepage?post=52881"},{"taxonomy":"prod-effetti","embeddable":true,"href":"https:\/\/piastrellerinaldi.it\/en\/wp-json\/wp\/v2\/prod-effetti?post=52881"},{"taxonomy":"ynn-tempi-consegne","embeddable":true,"href":"https:\/\/piastrellerinaldi.it\/en\/wp-json\/wp\/v2\/ynn-tempi-consegne?post=52881"},{"taxonomy":"woo-feed-brand","embeddable":true,"href":"https:\/\/piastrellerinaldi.it\/en\/wp-json\/wp\/v2\/woo-feed-brand?post=52881"}],"curies":[{"name":"wp","href":"https:\/\/api.w.org\/{rel}","templated":true}]}}