{"id":116580,"date":"2024-06-27T18:44:31","date_gmt":"2024-06-27T16:44:31","guid":{"rendered":"https:\/\/piastrellerinaldi.it\/?post_type=product&#038;p=116580"},"modified":"2026-04-01T17:46:46","modified_gmt":"2026-04-01T15:46:46","slug":"mgm-brickey-6x246-teal","status":"publish","type":"product","link":"https:\/\/piastrellerinaldi.it\/en\/shop\/coatings\/porcelain-stoneware-and-ceramics\/cementine-rivestimenti\/mgm-ceramiche-gres-porcellanato-pavimenti-rivestimenti\/mgm-brickey-6x246-teal\/","title":{"rendered":"MGM Brickey 6&#215;24,6 Teal"},"content":{"rendered":"<section class=\"l-section wpb_row height_small width_full\"><div class=\"l-section-h i-cf\"><div class=\"g-cols vc_row via_flex valign_top type_default stacking_default\"><div class=\"vc_col-sm-12 wpb_column vc_column_container\"><div class=\"vc_column-inner\"><div class=\"wpb_wrapper\"><div class=\"w-tabs style_default switch_click accordion type_togglable has_scrolling\" style=\"--sections-title-size:inherit\"><div class=\"w-tabs-sections titles-align_none icon_triangle cpos_right\"><div class=\"w-tabs-section active\" id=\"m96e\" style=\"background:#cfc4bc;\"><button class=\"w-tabs-section-header active\" aria-controls=\"content-m96e\" aria-expanded=\"true\"><div class=\"w-tabs-section-title\"><b>Features<\/b><\/div><div class=\"w-tabs-section-control\"><\/div><\/button><div  class=\"w-tabs-section-content us_custom_057801f8\" id=\"content-m96e\"><div class=\"w-tabs-section-content-h i-cf\"><div class=\"wpb_text_column\"><div class=\"wpb_wrapper\"><p><strong>Technical characteristics:<\/strong> Gres porcellanato, superficie lucida<\/p>\n<p><strong>Format:<\/strong> 6&#215;24,6 cm.<\/p>\n<p><strong>Thickness:<\/strong> 8 mm.<\/p>\n<p><strong>Contents per box:<\/strong> 0,50 m\u00b2<\/p>\n<\/div><\/div><\/div><\/div><\/div><div class=\"w-tabs-section\" id=\"saba\" style=\"background:#cfc4bc;\"><button class=\"w-tabs-section-header\" aria-controls=\"content-saba\" aria-expanded=\"false\"><div class=\"w-tabs-section-title\"><b>Supplier company<\/b><\/div><div class=\"w-tabs-section-control\"><\/div><\/button><div  class=\"w-tabs-section-content us_custom_057801f8\" id=\"content-saba\"><div class=\"w-tabs-section-content-h i-cf\"><div class=\"wpb_text_column\"><div class=\"wpb_wrapper\"><div>\n<p><strong>M.G.M.<\/strong><\/p>\n<p class=\"lead\">Esperienza, innovazione e costante aggiornamento hanno sempre segnato il nostro percorso.<br \/>\nLa nostra gamma prodotti \u00e8 frutto di una costante ricerca basata su concetti semplici, idee originali per creare soluzioni concrete adatte alle richieste del design contemporaneo.<\/p>\n<p class=\"lead\">Un team giovane, dinamico nato con l\u2019obiettivo d\u2019offrire un servizio puntuale, qualificato e determinato a soddisfare le esigenze della nostra clientela.<\/p>\n<p class=\"lead\">Una piccola azienda con un cuore efficiente ed attento ai dettagli, dove la passione e l\u2019amore per la ceramica diventano parte integrante di un ottimo lavoro di squadra. Superfici nate da un\u2019accurata ricerca estetica e di materiali, sempre attenta a soddisfare tutte le esigenze. Per MGM il piacere di vivere la casa non \u00e8 un lusso, ma \u00e8 la quotidianit\u00e0 alla portata di tutti. Pavimenti, rivestimenti e decori che spaziano dal gusto classico ed elegante fino a quello pi\u00f9 trendy e colorato\u2026 pensati per personalizzare con fantasia e creativit\u00e0 tutti gli ambienti della vostra vita.<\/p>\n<\/div>\n<div><\/div>\n<\/div><\/div><\/div><\/div><\/div><\/div><\/div><\/div><\/div><\/div><\/div><\/div><\/section>","protected":false},"excerpt":{"rendered":"CaratteristicheCaratteristiche tecniche: Gres porcellanato, superficie lucida Formato: 6&#215;24,6 cm. Spessore: 8 mm. Contenuto per scatola: 0,50 m\u00b2 Azienda fornitrice M.G.M. Esperienza, innovazione e costante aggiornamento hanno sempre segnato il nostro percorso. La nostra gamma prodotti \u00e8 frutto di una costante ricerca basata su concetti semplici, idee originali per creare soluzioni concrete adatte alle richieste del...","protected":false},"featured_media":116587,"template":"","meta":{"_acf_changed":false},"product_brand":[],"product_cat":[394,77],"product_tag":[],"etichette":[],"colore_portfolio_e_prodotti":[902],"formato":[918],"fascia_prezzo":[976],"ynn-marchi":[3178],"ynn_slider_homepage":[],"prod-effetti":[],"ynn-tempi-consegne":[3510],"woo-feed-brand":[],"class_list":{"0":"post-116580","1":"product","2":"type-product","3":"status-publish","4":"has-post-thumbnail","6":"product_cat-cementine-rivestimenti","7":"product_cat-rivestimenti","8":"product_shipping_class-new-gres-e-piastrelle-al-kg","9":"colore_portfolio_e_prodotti-verde","10":"formato-6x24","11":"fascia_prezzo-4000-e-5999-e","12":"ynn-marchi-mgm-ceramiche-gres-porcellanato-pavimenti-rivestimenti","13":"ynn-tempi-consegne-3510","15":"first","16":"instock","17":"taxable","18":"shipping-taxable","19":"purchasable","20":"product-type-variable","21":"has-default-attributes"},"acf":[],"yoast_head":"<!-- This site is optimized with the Yoast SEO plugin v27.3 - https:\/\/yoast.com\/product\/yoast-seo-wordpress\/ -->\n<title>MGM Brickey 6x24,6 Teal - Rinaldi significa CASA, sempre con la stessa passione da tre generazioni<\/title>\n<meta name=\"robots\" content=\"index, follow, max-snippet:-1, max-image-preview:large, max-video-preview:-1\" \/>\n<link rel=\"canonical\" href=\"https:\/\/piastrellerinaldi.it\/en\/shop\/coatings\/porcelain-stoneware-and-ceramics\/cementine-rivestimenti\/mgm-ceramiche-gres-porcellanato-pavimenti-rivestimenti\/mgm-brickey-6x246-teal\/\" \/>\n<meta property=\"og:locale\" content=\"en_GB\" \/>\n<meta property=\"og:type\" content=\"article\" \/>\n<meta property=\"og:title\" content=\"MGM Brickey 6x24,6 Teal - Rinaldi significa CASA, sempre con la stessa passione da tre generazioni\" \/>\n<meta property=\"og:url\" content=\"https:\/\/piastrellerinaldi.it\/en\/shop\/coatings\/porcelain-stoneware-and-ceramics\/cementine-rivestimenti\/mgm-ceramiche-gres-porcellanato-pavimenti-rivestimenti\/mgm-brickey-6x246-teal\/\" \/>\n<meta property=\"og:site_name\" content=\"Rinaldi significa CASA, sempre con la stessa passione da tre generazioni\" \/>\n<meta property=\"article:publisher\" content=\"https:\/\/www.facebook.com\/piastrellerinaldi\/\" \/>\n<meta property=\"article:modified_time\" content=\"2026-04-01T15:46:46+00:00\" \/>\n<meta property=\"og:image\" content=\"https:\/\/piastrellerinaldi.it\/wp-content\/uploads\/2024\/06\/MGM-Brickey-teal-2.jpg\" \/>\n\t<meta property=\"og:image:width\" content=\"1080\" \/>\n\t<meta property=\"og:image:height\" content=\"1080\" \/>\n\t<meta property=\"og:image:type\" content=\"image\/jpeg\" \/>\n<meta name=\"twitter:card\" content=\"summary_large_image\" \/>\n<script type=\"application\/ld+json\" class=\"yoast-schema-graph\">{\"@context\":\"https:\\\/\\\/schema.org\",\"@graph\":[{\"@type\":\"WebPage\",\"@id\":\"https:\\\/\\\/piastrellerinaldi.it\\\/negozio\\\/rivestimenti\\\/gres-porcellanato-e-ceramica\\\/cementine-rivestimenti\\\/mgm-ceramiche-gres-porcellanato-pavimenti-rivestimenti\\\/mgm-brickey-6x246-teal\\\/\",\"url\":\"https:\\\/\\\/piastrellerinaldi.it\\\/negozio\\\/rivestimenti\\\/gres-porcellanato-e-ceramica\\\/cementine-rivestimenti\\\/mgm-ceramiche-gres-porcellanato-pavimenti-rivestimenti\\\/mgm-brickey-6x246-teal\\\/\",\"name\":\"MGM Brickey 6x24,6 Teal - Rinaldi significa CASA, sempre con la stessa passione da tre generazioni\",\"isPartOf\":{\"@id\":\"https:\\\/\\\/piastrellerinaldi.it\\\/#website\"},\"primaryImageOfPage\":{\"@id\":\"https:\\\/\\\/piastrellerinaldi.it\\\/negozio\\\/rivestimenti\\\/gres-porcellanato-e-ceramica\\\/cementine-rivestimenti\\\/mgm-ceramiche-gres-porcellanato-pavimenti-rivestimenti\\\/mgm-brickey-6x246-teal\\\/#primaryimage\"},\"image\":{\"@id\":\"https:\\\/\\\/piastrellerinaldi.it\\\/negozio\\\/rivestimenti\\\/gres-porcellanato-e-ceramica\\\/cementine-rivestimenti\\\/mgm-ceramiche-gres-porcellanato-pavimenti-rivestimenti\\\/mgm-brickey-6x246-teal\\\/#primaryimage\"},\"thumbnailUrl\":\"https:\\\/\\\/piastrellerinaldi.it\\\/wp-content\\\/uploads\\\/2024\\\/06\\\/MGM-Brickey-teal-2.jpg\",\"datePublished\":\"2024-06-27T16:44:31+00:00\",\"dateModified\":\"2026-04-01T15:46:46+00:00\",\"breadcrumb\":{\"@id\":\"https:\\\/\\\/piastrellerinaldi.it\\\/negozio\\\/rivestimenti\\\/gres-porcellanato-e-ceramica\\\/cementine-rivestimenti\\\/mgm-ceramiche-gres-porcellanato-pavimenti-rivestimenti\\\/mgm-brickey-6x246-teal\\\/#breadcrumb\"},\"inLanguage\":\"en-GB\",\"potentialAction\":[{\"@type\":\"ReadAction\",\"target\":[\"https:\\\/\\\/piastrellerinaldi.it\\\/negozio\\\/rivestimenti\\\/gres-porcellanato-e-ceramica\\\/cementine-rivestimenti\\\/mgm-ceramiche-gres-porcellanato-pavimenti-rivestimenti\\\/mgm-brickey-6x246-teal\\\/\"]}]},{\"@type\":\"ImageObject\",\"inLanguage\":\"en-GB\",\"@id\":\"https:\\\/\\\/piastrellerinaldi.it\\\/negozio\\\/rivestimenti\\\/gres-porcellanato-e-ceramica\\\/cementine-rivestimenti\\\/mgm-ceramiche-gres-porcellanato-pavimenti-rivestimenti\\\/mgm-brickey-6x246-teal\\\/#primaryimage\",\"url\":\"https:\\\/\\\/piastrellerinaldi.it\\\/wp-content\\\/uploads\\\/2024\\\/06\\\/MGM-Brickey-teal-2.jpg\",\"contentUrl\":\"https:\\\/\\\/piastrellerinaldi.it\\\/wp-content\\\/uploads\\\/2024\\\/06\\\/MGM-Brickey-teal-2.jpg\",\"width\":1080,\"height\":1080},{\"@type\":\"BreadcrumbList\",\"@id\":\"https:\\\/\\\/piastrellerinaldi.it\\\/negozio\\\/rivestimenti\\\/gres-porcellanato-e-ceramica\\\/cementine-rivestimenti\\\/mgm-ceramiche-gres-porcellanato-pavimenti-rivestimenti\\\/mgm-brickey-6x246-teal\\\/#breadcrumb\",\"itemListElement\":[{\"@type\":\"ListItem\",\"position\":1,\"name\":\"HOME\",\"item\":\"https:\\\/\\\/piastrellerinaldi.it\\\/\"},{\"@type\":\"ListItem\",\"position\":2,\"name\":\"PRODOTTI ON-LINE\",\"item\":\"https:\\\/\\\/piastrellerinaldi.it\\\/negozio\\\/\"},{\"@type\":\"ListItem\",\"position\":3,\"name\":\"RIVESTIMENTI\",\"item\":\"https:\\\/\\\/piastrellerinaldi.it\\\/categoria-prodotto\\\/rivestimenti\\\/\"},{\"@type\":\"ListItem\",\"position\":4,\"name\":\"MGM Brickey 6&#215;24,6 Teal\"}]},{\"@type\":\"WebSite\",\"@id\":\"https:\\\/\\\/piastrellerinaldi.it\\\/#website\",\"url\":\"https:\\\/\\\/piastrellerinaldi.it\\\/\",\"name\":\"Rinaldi significa CASA, sempre con la stessa passione da tre generazioni\",\"description\":\"Pavimenti e rivestimenti | Arredo bagno | Riscaldamento | Porte | Negozio online | Consegna gratuita in Italia | Consulenza | Progettazione\",\"publisher\":{\"@id\":\"https:\\\/\\\/piastrellerinaldi.it\\\/#organization\"},\"potentialAction\":[{\"@type\":\"SearchAction\",\"target\":{\"@type\":\"EntryPoint\",\"urlTemplate\":\"https:\\\/\\\/piastrellerinaldi.it\\\/?s={search_term_string}\"},\"query-input\":{\"@type\":\"PropertyValueSpecification\",\"valueRequired\":true,\"valueName\":\"search_term_string\"}}],\"inLanguage\":\"en-GB\"},{\"@type\":\"Organization\",\"@id\":\"https:\\\/\\\/piastrellerinaldi.it\\\/#organization\",\"name\":\"Rinaldi S.r.l.\",\"url\":\"https:\\\/\\\/piastrellerinaldi.it\\\/\",\"logo\":{\"@type\":\"ImageObject\",\"inLanguage\":\"en-GB\",\"@id\":\"https:\\\/\\\/piastrellerinaldi.it\\\/#\\\/schema\\\/logo\\\/image\\\/\",\"url\":\"https:\\\/\\\/piastrellerinaldi.it\\\/wp-content\\\/uploads\\\/2021\\\/01\\\/Rinaldi_Piastrelle-Logo-01.svg\",\"contentUrl\":\"https:\\\/\\\/piastrellerinaldi.it\\\/wp-content\\\/uploads\\\/2021\\\/01\\\/Rinaldi_Piastrelle-Logo-01.svg\",\"width\":1,\"height\":1,\"caption\":\"Rinaldi S.r.l.\"},\"image\":{\"@id\":\"https:\\\/\\\/piastrellerinaldi.it\\\/#\\\/schema\\\/logo\\\/image\\\/\"},\"sameAs\":[\"https:\\\/\\\/www.facebook.com\\\/piastrellerinaldi\\\/\",\"https:\\\/\\\/www.instagram.com\\\/piastrelle_rinaldi\\\/\"]}]}<\/script>\n<!-- \/ Yoast SEO plugin. -->","yoast_head_json":{"title":"MGM Brickey 6x24,6 Teal - Rinaldi significa CASA, sempre con la stessa passione da tre generazioni","robots":{"index":"index","follow":"follow","max-snippet":"max-snippet:-1","max-image-preview":"max-image-preview:large","max-video-preview":"max-video-preview:-1"},"canonical":"https:\/\/piastrellerinaldi.it\/en\/shop\/coatings\/porcelain-stoneware-and-ceramics\/cementine-rivestimenti\/mgm-ceramiche-gres-porcellanato-pavimenti-rivestimenti\/mgm-brickey-6x246-teal\/","og_locale":"en_GB","og_type":"article","og_title":"MGM Brickey 6x24,6 Teal - Rinaldi significa CASA, sempre con la stessa passione da tre generazioni","og_url":"https:\/\/piastrellerinaldi.it\/en\/shop\/coatings\/porcelain-stoneware-and-ceramics\/cementine-rivestimenti\/mgm-ceramiche-gres-porcellanato-pavimenti-rivestimenti\/mgm-brickey-6x246-teal\/","og_site_name":"Rinaldi significa CASA, sempre con la stessa passione da tre generazioni","article_publisher":"https:\/\/www.facebook.com\/piastrellerinaldi\/","article_modified_time":"2026-04-01T15:46:46+00:00","og_image":[{"width":1080,"height":1080,"url":"https:\/\/piastrellerinaldi.it\/wp-content\/uploads\/2024\/06\/MGM-Brickey-teal-2.jpg","type":"image\/jpeg"}],"twitter_card":"summary_large_image","schema":{"@context":"https:\/\/schema.org","@graph":[{"@type":"WebPage","@id":"https:\/\/piastrellerinaldi.it\/negozio\/rivestimenti\/gres-porcellanato-e-ceramica\/cementine-rivestimenti\/mgm-ceramiche-gres-porcellanato-pavimenti-rivestimenti\/mgm-brickey-6x246-teal\/","url":"https:\/\/piastrellerinaldi.it\/negozio\/rivestimenti\/gres-porcellanato-e-ceramica\/cementine-rivestimenti\/mgm-ceramiche-gres-porcellanato-pavimenti-rivestimenti\/mgm-brickey-6x246-teal\/","name":"MGM Brickey 6x24,6 Teal - Rinaldi significa CASA, sempre con la stessa passione da tre generazioni","isPartOf":{"@id":"https:\/\/piastrellerinaldi.it\/#website"},"primaryImageOfPage":{"@id":"https:\/\/piastrellerinaldi.it\/negozio\/rivestimenti\/gres-porcellanato-e-ceramica\/cementine-rivestimenti\/mgm-ceramiche-gres-porcellanato-pavimenti-rivestimenti\/mgm-brickey-6x246-teal\/#primaryimage"},"image":{"@id":"https:\/\/piastrellerinaldi.it\/negozio\/rivestimenti\/gres-porcellanato-e-ceramica\/cementine-rivestimenti\/mgm-ceramiche-gres-porcellanato-pavimenti-rivestimenti\/mgm-brickey-6x246-teal\/#primaryimage"},"thumbnailUrl":"https:\/\/piastrellerinaldi.it\/wp-content\/uploads\/2024\/06\/MGM-Brickey-teal-2.jpg","datePublished":"2024-06-27T16:44:31+00:00","dateModified":"2026-04-01T15:46:46+00:00","breadcrumb":{"@id":"https:\/\/piastrellerinaldi.it\/negozio\/rivestimenti\/gres-porcellanato-e-ceramica\/cementine-rivestimenti\/mgm-ceramiche-gres-porcellanato-pavimenti-rivestimenti\/mgm-brickey-6x246-teal\/#breadcrumb"},"inLanguage":"en-GB","potentialAction":[{"@type":"ReadAction","target":["https:\/\/piastrellerinaldi.it\/negozio\/rivestimenti\/gres-porcellanato-e-ceramica\/cementine-rivestimenti\/mgm-ceramiche-gres-porcellanato-pavimenti-rivestimenti\/mgm-brickey-6x246-teal\/"]}]},{"@type":"ImageObject","inLanguage":"en-GB","@id":"https:\/\/piastrellerinaldi.it\/negozio\/rivestimenti\/gres-porcellanato-e-ceramica\/cementine-rivestimenti\/mgm-ceramiche-gres-porcellanato-pavimenti-rivestimenti\/mgm-brickey-6x246-teal\/#primaryimage","url":"https:\/\/piastrellerinaldi.it\/wp-content\/uploads\/2024\/06\/MGM-Brickey-teal-2.jpg","contentUrl":"https:\/\/piastrellerinaldi.it\/wp-content\/uploads\/2024\/06\/MGM-Brickey-teal-2.jpg","width":1080,"height":1080},{"@type":"BreadcrumbList","@id":"https:\/\/piastrellerinaldi.it\/negozio\/rivestimenti\/gres-porcellanato-e-ceramica\/cementine-rivestimenti\/mgm-ceramiche-gres-porcellanato-pavimenti-rivestimenti\/mgm-brickey-6x246-teal\/#breadcrumb","itemListElement":[{"@type":"ListItem","position":1,"name":"HOME","item":"https:\/\/piastrellerinaldi.it\/"},{"@type":"ListItem","position":2,"name":"PRODOTTI ON-LINE","item":"https:\/\/piastrellerinaldi.it\/negozio\/"},{"@type":"ListItem","position":3,"name":"RIVESTIMENTI","item":"https:\/\/piastrellerinaldi.it\/categoria-prodotto\/rivestimenti\/"},{"@type":"ListItem","position":4,"name":"MGM Brickey 6&#215;24,6 Teal"}]},{"@type":"WebSite","@id":"https:\/\/piastrellerinaldi.it\/#website","url":"https:\/\/piastrellerinaldi.it\/","name":"Rinaldi means HOME, always with the same passion for three generations","description":"Flooring and wall tiles | Bathroom furniture | Heating | Doors | Online shop | Free delivery in Italy | Consultancy | Design","publisher":{"@id":"https:\/\/piastrellerinaldi.it\/#organization"},"potentialAction":[{"@type":"SearchAction","target":{"@type":"EntryPoint","urlTemplate":"https:\/\/piastrellerinaldi.it\/?s={search_term_string}"},"query-input":{"@type":"PropertyValueSpecification","valueRequired":true,"valueName":"search_term_string"}}],"inLanguage":"en-GB"},{"@type":"Organization","@id":"https:\/\/piastrellerinaldi.it\/#organization","name":"Rinaldi S.r.l.","url":"https:\/\/piastrellerinaldi.it\/","logo":{"@type":"ImageObject","inLanguage":"en-GB","@id":"https:\/\/piastrellerinaldi.it\/#\/schema\/logo\/image\/","url":"https:\/\/piastrellerinaldi.it\/wp-content\/uploads\/2021\/01\/Rinaldi_Piastrelle-Logo-01.svg","contentUrl":"https:\/\/piastrellerinaldi.it\/wp-content\/uploads\/2021\/01\/Rinaldi_Piastrelle-Logo-01.svg","width":1,"height":1,"caption":"Rinaldi S.r.l."},"image":{"@id":"https:\/\/piastrellerinaldi.it\/#\/schema\/logo\/image\/"},"sameAs":["https:\/\/www.facebook.com\/piastrellerinaldi\/","https:\/\/www.instagram.com\/piastrelle_rinaldi\/"]}]}},"_links":{"self":[{"href":"https:\/\/piastrellerinaldi.it\/en\/wp-json\/wp\/v2\/product\/116580","targetHints":{"allow":["GET"]}}],"collection":[{"href":"https:\/\/piastrellerinaldi.it\/en\/wp-json\/wp\/v2\/product"}],"about":[{"href":"https:\/\/piastrellerinaldi.it\/en\/wp-json\/wp\/v2\/types\/product"}],"wp:featuredmedia":[{"embeddable":true,"href":"https:\/\/piastrellerinaldi.it\/en\/wp-json\/wp\/v2\/media\/116587"}],"wp:attachment":[{"href":"https:\/\/piastrellerinaldi.it\/en\/wp-json\/wp\/v2\/media?parent=116580"}],"wp:term":[{"taxonomy":"product_brand","embeddable":true,"href":"https:\/\/piastrellerinaldi.it\/en\/wp-json\/wp\/v2\/product_brand?post=116580"},{"taxonomy":"product_cat","embeddable":true,"href":"https:\/\/piastrellerinaldi.it\/en\/wp-json\/wp\/v2\/product_cat?post=116580"},{"taxonomy":"product_tag","embeddable":true,"href":"https:\/\/piastrellerinaldi.it\/en\/wp-json\/wp\/v2\/product_tag?post=116580"},{"taxonomy":"etichette","embeddable":true,"href":"https:\/\/piastrellerinaldi.it\/en\/wp-json\/wp\/v2\/etichette?post=116580"},{"taxonomy":"colore_portfolio_e_prodotti","embeddable":true,"href":"https:\/\/piastrellerinaldi.it\/en\/wp-json\/wp\/v2\/colore_portfolio_e_prodotti?post=116580"},{"taxonomy":"formato","embeddable":true,"href":"https:\/\/piastrellerinaldi.it\/en\/wp-json\/wp\/v2\/formato?post=116580"},{"taxonomy":"fascia_prezzo","embeddable":true,"href":"https:\/\/piastrellerinaldi.it\/en\/wp-json\/wp\/v2\/fascia_prezzo?post=116580"},{"taxonomy":"ynn-marchi","embeddable":true,"href":"https:\/\/piastrellerinaldi.it\/en\/wp-json\/wp\/v2\/ynn-marchi?post=116580"},{"taxonomy":"ynn_slider_homepage","embeddable":true,"href":"https:\/\/piastrellerinaldi.it\/en\/wp-json\/wp\/v2\/ynn_slider_homepage?post=116580"},{"taxonomy":"prod-effetti","embeddable":true,"href":"https:\/\/piastrellerinaldi.it\/en\/wp-json\/wp\/v2\/prod-effetti?post=116580"},{"taxonomy":"ynn-tempi-consegne","embeddable":true,"href":"https:\/\/piastrellerinaldi.it\/en\/wp-json\/wp\/v2\/ynn-tempi-consegne?post=116580"},{"taxonomy":"woo-feed-brand","embeddable":true,"href":"https:\/\/piastrellerinaldi.it\/en\/wp-json\/wp\/v2\/woo-feed-brand?post=116580"}],"curies":[{"name":"wp","href":"https:\/\/api.w.org\/{rel}","templated":true}]}}